{"id":123,"date":"2015-02-12T19:36:48","date_gmt":"2015-02-12T18:36:48","guid":{"rendered":"http:\/\/localhost:10004\/?page_id=123"},"modified":"2026-02-25T13:34:11","modified_gmt":"2026-02-25T11:34:11","slug":"nosotros-2","status":"publish","type":"page","link":"https:\/\/www.soinga.net\/web\/nosotros-2\/","title":{"rendered":"NOSOTROS"},"content":{"rendered":"<p style=\"text-align: justify;\"><span style=\"color: #000000;\">Soinga, nace con la ilusi\u00f3n de dar cobertura a todo lo referido a la inform\u00e1tica de su negocio. La experiencia de nuestros profesionales est\u00e1 avalada con casi dos d\u00e9cadas dedicadas al sector inform\u00e1tico, evolucionando con las nuevas tecnolog\u00edas: Internet y comunicaciones.<\/span><\/p>\n<p style=\"text-align: justify;\"><span style=\"color: #000000;\">Nosotros nos encargamos de todo lo relacionado con la inform\u00e1tica para que usted se dedique en exclusiva a su l\u00ednea de negocio.<\/span><\/p>\n<p style=\"text-align: justify;\"><span style=\"color: #000000;\">Con un trato personalizado, analizamos sus necesidades, con el objetivo de encontrar una soluci\u00f3n adaptada a su empresa.<\/span><\/p>\n","protected":false},"excerpt":{"rendered":"<p>Soinga, nace con la ilusi\u00f3n de dar cobertura a todo lo referido a la inform\u00e1tica de su negocio. La experiencia [&hellip;]<\/p>\n","protected":false},"author":1,"featured_media":0,"parent":0,"menu_order":0,"comment_status":"closed","ping_status":"closed","template":"","meta":{"site-sidebar-layout":"default","site-content-layout":"","ast-site-content-layout":"default","site-content-style":"default","site-sidebar-style":"default","ast-global-header-display":"","ast-banner-title-visibility":"","ast-main-header-display":"","ast-hfb-above-header-display":"","ast-hfb-below-header-display":"","ast-hfb-mobile-header-display":"","site-post-title":"","ast-breadcrumbs-content":"","ast-featured-img":"","footer-sml-layout":"","ast-disable-related-posts":"","theme-transparent-header-meta":"","adv-header-id-meta":"","stick-header-meta":"","header-above-stick-meta":"","header-main-stick-meta":"","header-below-stick-meta":"","astra-migrate-meta-layouts":"default","ast-page-background-enabled":"default","ast-page-background-meta":{"desktop":{"background-color":"var(--ast-global-color-4)","background-image":"","background-repeat":"repeat","background-position":"center center","background-size":"auto","background-attachment":"scroll","background-type":"","background-media":"","overlay-type":"","overlay-color":"","overlay-opacity":"","overlay-gradient":""},"tablet":{"background-color":"","background-image":"","background-repeat":"repeat","background-position":"center center","background-size":"auto","background-attachment":"scroll","background-type":"","background-media":"","overlay-type":"","overlay-color":"","overlay-opacity":"","overlay-gradient":""},"mobile":{"background-color":"","background-image":"","background-repeat":"repeat","background-position":"center center","background-size":"auto","background-attachment":"scroll","background-type":"","background-media":"","overlay-type":"","overlay-color":"","overlay-opacity":"","overlay-gradient":""}},"ast-content-background-meta":{"desktop":{"background-color":"var(--ast-global-color-5)","background-image":"","background-repeat":"repeat","background-position":"center center","background-size":"auto","background-attachment":"scroll","background-type":"","background-media":"","overlay-type":"","overlay-color":"","overlay-opacity":"","overlay-gradient":""},"tablet":{"background-color":"var(--ast-global-color-5)","background-image":"","background-repeat":"repeat","background-position":"center center","background-size":"auto","background-attachment":"scroll","background-type":"","background-media":"","overlay-type":"","overlay-color":"","overlay-opacity":"","overlay-gradient":""},"mobile":{"background-color":"var(--ast-global-color-5)","background-image":"","background-repeat":"repeat","background-position":"center center","background-size":"auto","background-attachment":"scroll","background-type":"","background-media":"","overlay-type":"","overlay-color":"","overlay-opacity":"","overlay-gradient":""}},"footnotes":""},"class_list":["post-123","page","type-page","status-publish","hentry"],"yoast_head":"<!-- This site is optimized with the Yoast SEO plugin v27.3 - https:\/\/yoast.com\/product\/yoast-seo-wordpress\/ -->\n<title>NOSOTROS - SOINGA<\/title>\n<meta name=\"robots\" content=\"index, follow, max-snippet:-1, max-image-preview:large, max-video-preview:-1\" \/>\n<link rel=\"canonical\" href=\"https:\/\/www.soinga.net\/web\/nosotros-2\/\" \/>\n<meta property=\"og:locale\" content=\"es_ES\" \/>\n<meta property=\"og:type\" content=\"article\" \/>\n<meta property=\"og:title\" content=\"NOSOTROS - SOINGA\" \/>\n<meta property=\"og:description\" content=\"Soinga, nace con la ilusi\u00f3n de dar cobertura a todo lo referido a la inform\u00e1tica de su negocio. La experiencia [&hellip;]\" \/>\n<meta property=\"og:url\" content=\"https:\/\/www.soinga.net\/web\/nosotros-2\/\" \/>\n<meta property=\"og:site_name\" content=\"SOINGA\" \/>\n<meta property=\"article:publisher\" content=\"https:\/\/www.facebook.com\/SoingaSC-770654092982927\/\" \/>\n<meta property=\"article:modified_time\" content=\"2026-02-25T11:34:11+00:00\" \/>\n<meta property=\"og:image\" content=\"https:\/\/i0.wp.com\/www.soinga.net\/web\/wp-content\/uploads\/cropped-logo-2.png?fit=393%2C154&ssl=1\" \/>\n\t<meta property=\"og:image:width\" content=\"393\" \/>\n\t<meta property=\"og:image:height\" content=\"154\" \/>\n\t<meta property=\"og:image:type\" content=\"image\/png\" \/>\n<meta name=\"twitter:label1\" content=\"Tiempo de lectura\" \/>\n\t<meta name=\"twitter:data1\" content=\"1 minuto\" \/>\n<script type=\"application\/ld+json\" class=\"yoast-schema-graph\">{\"@context\":\"https:\\\/\\\/schema.org\",\"@graph\":[{\"@type\":\"WebPage\",\"@id\":\"https:\\\/\\\/www.soinga.net\\\/web\\\/nosotros-2\\\/\",\"url\":\"https:\\\/\\\/www.soinga.net\\\/web\\\/nosotros-2\\\/\",\"name\":\"NOSOTROS - SOINGA\",\"isPartOf\":{\"@id\":\"https:\\\/\\\/www.soinga.net\\\/web\\\/#website\"},\"datePublished\":\"2015-02-12T18:36:48+00:00\",\"dateModified\":\"2026-02-25T11:34:11+00:00\",\"breadcrumb\":{\"@id\":\"https:\\\/\\\/www.soinga.net\\\/web\\\/nosotros-2\\\/#breadcrumb\"},\"inLanguage\":\"es\",\"potentialAction\":[{\"@type\":\"ReadAction\",\"target\":[\"https:\\\/\\\/www.soinga.net\\\/web\\\/nosotros-2\\\/\"]}]},{\"@type\":\"BreadcrumbList\",\"@id\":\"https:\\\/\\\/www.soinga.net\\\/web\\\/nosotros-2\\\/#breadcrumb\",\"itemListElement\":[{\"@type\":\"ListItem\",\"position\":1,\"name\":\"Portada\",\"item\":\"https:\\\/\\\/www.soinga.net\\\/web\\\/\"},{\"@type\":\"ListItem\",\"position\":2,\"name\":\"NOSOTROS\"}]},{\"@type\":\"WebSite\",\"@id\":\"https:\\\/\\\/www.soinga.net\\\/web\\\/#website\",\"url\":\"https:\\\/\\\/www.soinga.net\\\/web\\\/\",\"name\":\"SOINGA\",\"description\":\"Soporte Inform\u00e1tico\",\"publisher\":{\"@id\":\"https:\\\/\\\/www.soinga.net\\\/web\\\/#organization\"},\"alternateName\":\"Soporte Inform\u00e1tico\",\"potentialAction\":[{\"@type\":\"SearchAction\",\"target\":{\"@type\":\"EntryPoint\",\"urlTemplate\":\"https:\\\/\\\/www.soinga.net\\\/web\\\/?s={search_term_string}\"},\"query-input\":{\"@type\":\"PropertyValueSpecification\",\"valueRequired\":true,\"valueName\":\"search_term_string\"}}],\"inLanguage\":\"es\"},{\"@type\":\"Organization\",\"@id\":\"https:\\\/\\\/www.soinga.net\\\/web\\\/#organization\",\"name\":\"SOINGA\",\"url\":\"https:\\\/\\\/www.soinga.net\\\/web\\\/\",\"logo\":{\"@type\":\"ImageObject\",\"inLanguage\":\"es\",\"@id\":\"https:\\\/\\\/www.soinga.net\\\/web\\\/#\\\/schema\\\/logo\\\/image\\\/\",\"url\":\"http:\\\/\\\/localhost:10004\\\/wp-content\\\/uploads\\\/logo.png\",\"contentUrl\":\"http:\\\/\\\/localhost:10004\\\/wp-content\\\/uploads\\\/logo.png\",\"width\":193,\"height\":125,\"caption\":\"SOINGA\"},\"image\":{\"@id\":\"https:\\\/\\\/www.soinga.net\\\/web\\\/#\\\/schema\\\/logo\\\/image\\\/\"},\"sameAs\":[\"https:\\\/\\\/www.facebook.com\\\/SoingaSC-770654092982927\\\/\",\"https:\\\/\\\/www.instagram.com\\\/soinga_sc\\\/\"]}]}<\/script>\n<!-- \/ Yoast SEO plugin. -->","yoast_head_json":{"title":"NOSOTROS - SOINGA","robots":{"index":"index","follow":"follow","max-snippet":"max-snippet:-1","max-image-preview":"max-image-preview:large","max-video-preview":"max-video-preview:-1"},"canonical":"https:\/\/www.soinga.net\/web\/nosotros-2\/","og_locale":"es_ES","og_type":"article","og_title":"NOSOTROS - SOINGA","og_description":"Soinga, nace con la ilusi\u00f3n de dar cobertura a todo lo referido a la inform\u00e1tica de su negocio. La experiencia [&hellip;]","og_url":"https:\/\/www.soinga.net\/web\/nosotros-2\/","og_site_name":"SOINGA","article_publisher":"https:\/\/www.facebook.com\/SoingaSC-770654092982927\/","article_modified_time":"2026-02-25T11:34:11+00:00","og_image":[{"width":393,"height":154,"url":"https:\/\/i0.wp.com\/www.soinga.net\/web\/wp-content\/uploads\/cropped-logo-2.png?fit=393%2C154&ssl=1","type":"image\/png"}],"twitter_misc":{"Tiempo de lectura":"1 minuto"},"schema":{"@context":"https:\/\/schema.org","@graph":[{"@type":"WebPage","@id":"https:\/\/www.soinga.net\/web\/nosotros-2\/","url":"https:\/\/www.soinga.net\/web\/nosotros-2\/","name":"NOSOTROS - SOINGA","isPartOf":{"@id":"https:\/\/www.soinga.net\/web\/#website"},"datePublished":"2015-02-12T18:36:48+00:00","dateModified":"2026-02-25T11:34:11+00:00","breadcrumb":{"@id":"https:\/\/www.soinga.net\/web\/nosotros-2\/#breadcrumb"},"inLanguage":"es","potentialAction":[{"@type":"ReadAction","target":["https:\/\/www.soinga.net\/web\/nosotros-2\/"]}]},{"@type":"BreadcrumbList","@id":"https:\/\/www.soinga.net\/web\/nosotros-2\/#breadcrumb","itemListElement":[{"@type":"ListItem","position":1,"name":"Portada","item":"https:\/\/www.soinga.net\/web\/"},{"@type":"ListItem","position":2,"name":"NOSOTROS"}]},{"@type":"WebSite","@id":"https:\/\/www.soinga.net\/web\/#website","url":"https:\/\/www.soinga.net\/web\/","name":"SOINGA","description":"Soporte Inform\u00e1tico","publisher":{"@id":"https:\/\/www.soinga.net\/web\/#organization"},"alternateName":"Soporte Inform\u00e1tico","potentialAction":[{"@type":"SearchAction","target":{"@type":"EntryPoint","urlTemplate":"https:\/\/www.soinga.net\/web\/?s={search_term_string}"},"query-input":{"@type":"PropertyValueSpecification","valueRequired":true,"valueName":"search_term_string"}}],"inLanguage":"es"},{"@type":"Organization","@id":"https:\/\/www.soinga.net\/web\/#organization","name":"SOINGA","url":"https:\/\/www.soinga.net\/web\/","logo":{"@type":"ImageObject","inLanguage":"es","@id":"https:\/\/www.soinga.net\/web\/#\/schema\/logo\/image\/","url":"http:\/\/localhost:10004\/wp-content\/uploads\/logo.png","contentUrl":"http:\/\/localhost:10004\/wp-content\/uploads\/logo.png","width":193,"height":125,"caption":"SOINGA"},"image":{"@id":"https:\/\/www.soinga.net\/web\/#\/schema\/logo\/image\/"},"sameAs":["https:\/\/www.facebook.com\/SoingaSC-770654092982927\/","https:\/\/www.instagram.com\/soinga_sc\/"]}]}},"jetpack_sharing_enabled":true,"jetpack_shortlink":"https:\/\/wp.me\/P6oxXO-1Z","jetpack-related-posts":[{"id":7,"url":"https:\/\/www.soinga.net\/web\/inicio\/","url_meta":{"origin":123,"position":0},"title":"HARDWARE","author":"","date":false,"format":false,"excerpt":"Mantenimiento inform\u00e1tico El mantenimiento inform\u00e1tico es la actividad principal de Soinga, estando dedicada al servicio de asistencia t\u00e9cnica y soporte de componentes inform\u00e1ticos. Nuestro abanico de clientes abarca\u00a0desde particulares\u00a0hasta la gran empresa. El mantenimiento inform\u00e1tico no s\u00f3lo es la mejor forma de que los equipos de su empresa funcionen de\u2026","rel":"","context":"Entrada similar","block_context":{"text":"Entrada similar","link":""},"img":{"alt_text":"","src":"","width":0,"height":0},"classes":[]},{"id":131,"url":"https:\/\/www.soinga.net\/web\/","url_meta":{"origin":123,"position":1},"title":"SOINGA","author":"","date":false,"format":false,"excerpt":"\u00bfEn qu\u00e9 afecta a tu software de contabilidad o programa de gesti\u00f3n la aplicaci\u00f3n de la ley 11\/2021? \"Soluci\u00f3n integral en servicios inform\u00e1ticos a particulares y empresas.\" \"Analizamos sus necesidades, con el objetivo de encontrar una soluci\u00f3n integral adaptada totalmente a su empresa\" \"Disponemos de todo tipo de software, adaptado\u2026","rel":"","context":"Entrada similar","block_context":{"text":"Entrada similar","link":""},"img":{"alt_text":"","src":"https:\/\/i0.wp.com\/www.soinga.net\/web\/wp-content\/uploads\/glop_home.jpg?resize=350%2C200&ssl=1","width":350,"height":200,"srcset":"https:\/\/i0.wp.com\/www.soinga.net\/web\/wp-content\/uploads\/glop_home.jpg?resize=350%2C200&ssl=1 1x, https:\/\/i0.wp.com\/www.soinga.net\/web\/wp-content\/uploads\/glop_home.jpg?resize=525%2C300&ssl=1 1.5x, https:\/\/i0.wp.com\/www.soinga.net\/web\/wp-content\/uploads\/glop_home.jpg?resize=700%2C400&ssl=1 2x"},"classes":[]},{"id":389,"url":"https:\/\/www.soinga.net\/web\/reparacion-ordenadores\/","url_meta":{"origin":123,"position":2},"title":"REPARACION ORDENADORES REPARAR ORDENADOR","author":"","date":false,"format":false,"excerpt":"Nuestro servicio de reparaci\u00f3n de ordenadores tiene como objetivo principal solucionar cualquier problema inform\u00e1tico que tenga su ordenador en el menor tiempo posible. Soinga\u00a0le ofrece un servicio global de calidad, profesional y transparente al mejor precio. Para ello contamos con t\u00e9cnicos inform\u00e1ticos y t\u00e9cnicos electr\u00f3nicos, con muchos a\u00f1os de experiencia,\u2026","rel":"","context":"Entrada similar","block_context":{"text":"Entrada similar","link":""},"img":{"alt_text":"reparacion ordenadores","src":"https:\/\/i0.wp.com\/localhost\/wp-content\/uploads\/images-1.jpg?resize=350%2C200","width":350,"height":200},"classes":[]},{"id":112,"url":"https:\/\/www.soinga.net\/web\/diseno-web\/","url_meta":{"origin":123,"position":3},"title":"DISE\u00d1O WEB","author":"","date":false,"format":false,"excerpt":"Dominios y Hosting Reservamos tu espacio en internet para que puedas dar a conocer tu negocio. \u00bfNecesitas una p\u00e1gina web realmente a medida? Nuestro dise\u00f1o web se basa en un servicio personal, de orientaci\u00f3n y asesoramiento. Buscamos resultados reales para su proyecto al menor coste, dise\u00f1o y programaci\u00f3n de p\u00e1ginas\u2026","rel":"","context":"Entrada similar","block_context":{"text":"Entrada similar","link":""},"img":{"alt_text":"","src":"","width":0,"height":0},"classes":[]},{"id":89,"url":"https:\/\/www.soinga.net\/web\/goldensoft-2\/","url_meta":{"origin":123,"position":4},"title":"SOFTWARE","author":"","date":false,"format":false,"excerpt":"Como Distribuidor Oficial de GoldenSoft\u00a0ofrecemos\u00a0software de Gesti\u00f3n, Facturaci\u00f3n, Contabilidad, Laboral, Aut\u00f3nomos, TPV, CRM, orientado y adaptado a asesor\u00edas, pymes, comercios (librer\u00edas, zapater\u00edas, tiendas de ropa, etc), ayud\u00e1ndole a mejorar la visi\u00f3n de su negocio, obteniendo as\u00ed la mejor rentabilidad y \u00a0productividad.\u00a0 Asimismo, somos distribuidores de software de Control de Presencia,\u2026","rel":"","context":"Entrada similar","block_context":{"text":"Entrada similar","link":""},"img":{"alt_text":"","src":"","width":0,"height":0},"classes":[]},{"id":808,"url":"https:\/\/www.soinga.net\/web\/glop\/","url_meta":{"origin":123,"position":5},"title":"GLOP","author":"","date":false,"format":false,"excerpt":"El Tpv hosteler\u00eda que aporta\u00a0una soluci\u00f3n \u00c1gil e Intuitiva Con GLOP TPV toma el control de tu\u00a0restaurante, cafeter\u00eda, discoteca o helader\u00eda con un \u00fanico software tpv\u00a0adaptado a las necesidades de establecimientos de hosteler\u00eda. GLOP TPV es un programa dise\u00f1ado pensando en el usuario, con\u00a0una interfaz muy intuitiva, fruto de\u00a0un estudio\u2026","rel":"","context":"Entrada similar","block_context":{"text":"Entrada similar","link":""},"img":{"alt_text":"","src":"https:\/\/i0.wp.com\/www.soinga.net\/web\/wp-content\/uploads\/glop_home.jpg?resize=350%2C200&ssl=1","width":350,"height":200,"srcset":"https:\/\/i0.wp.com\/www.soinga.net\/web\/wp-content\/uploads\/glop_home.jpg?resize=350%2C200&ssl=1 1x, https:\/\/i0.wp.com\/www.soinga.net\/web\/wp-content\/uploads\/glop_home.jpg?resize=525%2C300&ssl=1 1.5x, https:\/\/i0.wp.com\/www.soinga.net\/web\/wp-content\/uploads\/glop_home.jpg?resize=700%2C400&ssl=1 2x"},"classes":[]}],"jetpack_likes_enabled":false,"_links":{"self":[{"href":"https:\/\/www.soinga.net\/web\/wp-json\/wp\/v2\/pages\/123","targetHints":{"allow":["GET"]}}],"collection":[{"href":"https:\/\/www.soinga.net\/web\/wp-json\/wp\/v2\/pages"}],"about":[{"href":"https:\/\/www.soinga.net\/web\/wp-json\/wp\/v2\/types\/page"}],"author":[{"embeddable":true,"href":"https:\/\/www.soinga.net\/web\/wp-json\/wp\/v2\/users\/1"}],"replies":[{"embeddable":true,"href":"https:\/\/www.soinga.net\/web\/wp-json\/wp\/v2\/comments?post=123"}],"version-history":[{"count":1,"href":"https:\/\/www.soinga.net\/web\/wp-json\/wp\/v2\/pages\/123\/revisions"}],"predecessor-version":[{"id":1422,"href":"https:\/\/www.soinga.net\/web\/wp-json\/wp\/v2\/pages\/123\/revisions\/1422"}],"wp:attachment":[{"href":"https:\/\/www.soinga.net\/web\/wp-json\/wp\/v2\/media?parent=123"}],"curies":[{"name":"wp","href":"https:\/\/api.w.org\/{rel}","templated":true}]}}