{"id":342,"date":"2016-04-18T13:09:57","date_gmt":"2016-04-18T11:09:57","guid":{"rendered":"http:\/\/localhost:10004\/?page_id=342"},"modified":"2026-03-05T18:23:36","modified_gmt":"2026-03-05T17:23:36","slug":"control-de-presencia","status":"publish","type":"page","link":"https:\/\/www.soinga.net\/web\/control-de-presencia\/","title":{"rendered":"SYSTEMPIN"},"content":{"rendered":"\n<figure class=\"wp-block-image size-full\"><img data-recalc-dims=\"1\" loading=\"lazy\" decoding=\"async\" width=\"336\" height=\"150\" data-attachment-id=\"1587\" data-permalink=\"https:\/\/www.soinga.net\/web\/tpv\/systempin\/\" data-orig-file=\"https:\/\/i0.wp.com\/www.soinga.net\/web\/wp-content\/uploads\/systempin.png?fit=336%2C150&amp;ssl=1\" data-orig-size=\"336,150\" data-comments-opened=\"0\" data-image-meta=\"{&quot;aperture&quot;:&quot;0&quot;,&quot;credit&quot;:&quot;&quot;,&quot;camera&quot;:&quot;&quot;,&quot;caption&quot;:&quot;&quot;,&quot;created_timestamp&quot;:&quot;0&quot;,&quot;copyright&quot;:&quot;&quot;,&quot;focal_length&quot;:&quot;0&quot;,&quot;iso&quot;:&quot;0&quot;,&quot;shutter_speed&quot;:&quot;0&quot;,&quot;title&quot;:&quot;&quot;,&quot;orientation&quot;:&quot;0&quot;}\" data-image-title=\"systempin\" data-image-description=\"\" data-image-caption=\"\" data-large-file=\"https:\/\/i0.wp.com\/www.soinga.net\/web\/wp-content\/uploads\/systempin.png?fit=336%2C150&amp;ssl=1\" src=\"https:\/\/i0.wp.com\/www.soinga.net\/web\/wp-content\/uploads\/systempin.png?resize=336%2C150&#038;ssl=1\" alt=\"\" class=\"wp-image-1587\" srcset=\"https:\/\/i0.wp.com\/www.soinga.net\/web\/wp-content\/uploads\/systempin.png?w=336&amp;ssl=1 336w, https:\/\/i0.wp.com\/www.soinga.net\/web\/wp-content\/uploads\/systempin.png?resize=300%2C134&amp;ssl=1 300w\" sizes=\"auto, (max-width: 336px) 100vw, 336px\" \/><\/figure>\n\n\n<div class=\"wpb_text_column wpb_content_element \">\n<div class=\"wpb_wrapper\">\n<h2><span style=\"color: #000000;\"><strong>C\u00f3mo gestionar los tiempos de sus empleados<em><br \/><\/em><\/strong><\/span><\/h2>\n<p style=\"text-align: justify;\"><span style=\"color: #800000;\">Seg\u00fan apunta la sentencia de la Audiencia Nacional, las empresas tienen la obligaci\u00f3n de registrar diariamente la jornada de trabajo de sus empleados aunque no se realicen horas extraordinarias.<\/span><\/p>\n<p style=\"text-align: justify;\"><span style=\"color: #000000;\">Uno de los mayores quebraderos de cabeza en la administraci\u00f3n de las empresas es el control de presencia de los empleados. Incluso para empresas que tienen pocos empleados, la diversidad de horarios y los distintos permisos e incidencias que se pueden dar, hacen que la inversi\u00f3n en la adquisici\u00f3n de un software de control de presencia se rentabilice a corto plazo.<\/span><\/p>\n<p style=\"text-align: justify;\"><span style=\"color: #000000;\">Gracias a nuestro <em>software de <strong>control de presencia<\/strong><\/em> y a nuestros terminales de huella dactilar, tarjeta de proximidad y c\u00f3digo, la supervisi\u00f3n del control de presencia de los empleados se facilita enormemente, reduciendo en m\u00e1s de un 80 % el tiempo que los departamentos de Recursos Humanos destinan a este fin.<\/span><\/p>\n<p style=\"text-align: justify;\"><span style=\"color: #000000;\">Nuestra soluci\u00f3n consiste en un terminal de presencia en el que los empleados podr\u00e1n realizar marcajes mediante huella dactilar, tarjeta de proximidad o c\u00f3digo cuando empiecen y terminen su jornada laboral.<\/span><\/p>\n<p style=\"text-align: justify;\"><span style=\"color: #000000;\">Toda estos marcajes realizados por los empleados son incorporados a nuestro software de presencia, que se encargar\u00e1 de procesar todos los datos e informarnos de los horarios realizados por los empleados y si \u00e9stos se han realizado correctamente.<\/span><\/p>\n<p style=\"text-align: justify;\"><span style=\"color: #000000;\">Es una realidad, que una buena parte del presupuesto anual de las empresas est\u00e1 destinado a las remuneraciones de estos empleados, lo que conlleva a que sea de total importancia el control y la supervisi\u00f3n de los tiempos a los que se destinan dichos costes.<\/span><\/p>\n<\/p>\n<\/div>\n<\/div>\n\n\n<div style=\"height:107px\" aria-hidden=\"true\" class=\"wp-block-spacer\"><\/div>\n\n\n\n<figure class=\"wp-block-video\"><video controls src=\"https:\/\/www.systempin.com\/wp-content\/uploads\/2020\/06\/systempin-explicativo.mp4\"><\/video><\/figure>\n\n\n\n<div style=\"height:100px\" aria-hidden=\"true\" class=\"wp-block-spacer\"><\/div>\n\n\n\n<figure class=\"wp-block-embed is-type-video is-provider-youtube wp-block-embed-youtube wp-embed-aspect-16-9 wp-has-aspect-ratio\"><div class=\"wp-block-embed__wrapper\">\n<span class=\"embed-youtube\" style=\"text-align:center; display: block;\"><iframe loading=\"lazy\" class=\"youtube-player\" width=\"640\" height=\"360\" src=\"https:\/\/www.youtube.com\/embed\/jk54_-BsXT0?version=3&#038;rel=1&#038;showsearch=0&#038;showinfo=1&#038;iv_load_policy=1&#038;fs=1&#038;hl=es-ES&#038;autohide=2&#038;wmode=transparent\" allowfullscreen=\"true\" style=\"border:0;\" sandbox=\"allow-scripts allow-same-origin allow-popups allow-presentation allow-popups-to-escape-sandbox\"><\/iframe><\/span>\n<\/div><\/figure>\n","protected":false},"excerpt":{"rendered":"<p>C\u00f3mo gestionar los tiempos de sus empleados Seg\u00fan apunta la sentencia de la Audiencia Nacional, las empresas tienen la obligaci\u00f3n [&hellip;]<\/p>\n","protected":false},"author":1,"featured_media":0,"parent":0,"menu_order":0,"comment_status":"closed","ping_status":"closed","template":"","meta":{"site-sidebar-layout":"default","site-content-layout":"","ast-site-content-layout":"default","site-content-style":"default","site-sidebar-style":"default","ast-global-header-display":"","ast-banner-title-visibility":"","ast-main-header-display":"","ast-hfb-above-header-display":"","ast-hfb-below-header-display":"","ast-hfb-mobile-header-display":"","site-post-title":"disabled","ast-breadcrumbs-content":"","ast-featured-img":"","footer-sml-layout":"","ast-disable-related-posts":"","theme-transparent-header-meta":"","adv-header-id-meta":"","stick-header-meta":"","header-above-stick-meta":"","header-main-stick-meta":"","header-below-stick-meta":"","astra-migrate-meta-layouts":"default","ast-page-background-enabled":"default","ast-page-background-meta":{"desktop":{"background-color":"var(--ast-global-color-4)","background-image":"","background-repeat":"repeat","background-position":"center center","background-size":"auto","background-attachment":"scroll","background-type":"","background-media":"","overlay-type":"","overlay-color":"","overlay-opacity":"","overlay-gradient":""},"tablet":{"background-color":"","background-image":"","background-repeat":"repeat","background-position":"center center","background-size":"auto","background-attachment":"scroll","background-type":"","background-media":"","overlay-type":"","overlay-color":"","overlay-opacity":"","overlay-gradient":""},"mobile":{"background-color":"","background-image":"","background-repeat":"repeat","background-position":"center center","background-size":"auto","background-attachment":"scroll","background-type":"","background-media":"","overlay-type":"","overlay-color":"","overlay-opacity":"","overlay-gradient":""}},"ast-content-background-meta":{"desktop":{"background-color":"var(--ast-global-color-5)","background-image":"","background-repeat":"repeat","background-position":"center center","background-size":"auto","background-attachment":"scroll","background-type":"","background-media":"","overlay-type":"","overlay-color":"","overlay-opacity":"","overlay-gradient":""},"tablet":{"background-color":"var(--ast-global-color-5)","background-image":"","background-repeat":"repeat","background-position":"center center","background-size":"auto","background-attachment":"scroll","background-type":"","background-media":"","overlay-type":"","overlay-color":"","overlay-opacity":"","overlay-gradient":""},"mobile":{"background-color":"var(--ast-global-color-5)","background-image":"","background-repeat":"repeat","background-position":"center center","background-size":"auto","background-attachment":"scroll","background-type":"","background-media":"","overlay-type":"","overlay-color":"","overlay-opacity":"","overlay-gradient":""}},"footnotes":""},"class_list":["post-342","page","type-page","status-publish","hentry"],"yoast_head":"<!-- This site is optimized with the Yoast SEO plugin v27.4 - https:\/\/yoast.com\/product\/yoast-seo-wordpress\/ -->\n<title>SYSTEMPIN - SOINGA<\/title>\n<meta name=\"robots\" content=\"index, follow, max-snippet:-1, max-image-preview:large, max-video-preview:-1\" \/>\n<link rel=\"canonical\" href=\"https:\/\/www.soinga.net\/web\/control-de-presencia\/\" \/>\n<meta property=\"og:locale\" content=\"es_ES\" \/>\n<meta property=\"og:type\" content=\"article\" \/>\n<meta property=\"og:title\" content=\"SYSTEMPIN - SOINGA\" \/>\n<meta property=\"og:description\" content=\"C\u00f3mo gestionar los tiempos de sus empleados Seg\u00fan apunta la sentencia de la Audiencia Nacional, las empresas tienen la obligaci\u00f3n [&hellip;]\" \/>\n<meta property=\"og:url\" content=\"https:\/\/www.soinga.net\/web\/control-de-presencia\/\" \/>\n<meta property=\"og:site_name\" content=\"SOINGA\" \/>\n<meta property=\"article:publisher\" content=\"https:\/\/www.facebook.com\/SoingaSC-770654092982927\/\" \/>\n<meta property=\"article:modified_time\" content=\"2026-03-05T17:23:36+00:00\" \/>\n<meta property=\"og:image\" content=\"https:\/\/www.soinga.net\/web\/wp-content\/uploads\/systempin.png\" \/>\n<meta name=\"twitter:label1\" content=\"Tiempo de lectura\" \/>\n\t<meta name=\"twitter:data1\" content=\"2 minutos\" \/>\n<script type=\"application\/ld+json\" class=\"yoast-schema-graph\">{\"@context\":\"https:\\\/\\\/schema.org\",\"@graph\":[{\"@type\":\"WebPage\",\"@id\":\"https:\\\/\\\/www.soinga.net\\\/web\\\/control-de-presencia\\\/\",\"url\":\"https:\\\/\\\/www.soinga.net\\\/web\\\/control-de-presencia\\\/\",\"name\":\"SYSTEMPIN - SOINGA\",\"isPartOf\":{\"@id\":\"https:\\\/\\\/www.soinga.net\\\/web\\\/#website\"},\"primaryImageOfPage\":{\"@id\":\"https:\\\/\\\/www.soinga.net\\\/web\\\/control-de-presencia\\\/#primaryimage\"},\"image\":{\"@id\":\"https:\\\/\\\/www.soinga.net\\\/web\\\/control-de-presencia\\\/#primaryimage\"},\"thumbnailUrl\":\"https:\\\/\\\/www.soinga.net\\\/web\\\/wp-content\\\/uploads\\\/systempin.png\",\"datePublished\":\"2016-04-18T11:09:57+00:00\",\"dateModified\":\"2026-03-05T17:23:36+00:00\",\"breadcrumb\":{\"@id\":\"https:\\\/\\\/www.soinga.net\\\/web\\\/control-de-presencia\\\/#breadcrumb\"},\"inLanguage\":\"es\",\"potentialAction\":[{\"@type\":\"ReadAction\",\"target\":[\"https:\\\/\\\/www.soinga.net\\\/web\\\/control-de-presencia\\\/\"]}]},{\"@type\":\"ImageObject\",\"inLanguage\":\"es\",\"@id\":\"https:\\\/\\\/www.soinga.net\\\/web\\\/control-de-presencia\\\/#primaryimage\",\"url\":\"https:\\\/\\\/i0.wp.com\\\/www.soinga.net\\\/web\\\/wp-content\\\/uploads\\\/systempin.png?fit=336%2C150&ssl=1\",\"contentUrl\":\"https:\\\/\\\/i0.wp.com\\\/www.soinga.net\\\/web\\\/wp-content\\\/uploads\\\/systempin.png?fit=336%2C150&ssl=1\",\"width\":336,\"height\":150},{\"@type\":\"BreadcrumbList\",\"@id\":\"https:\\\/\\\/www.soinga.net\\\/web\\\/control-de-presencia\\\/#breadcrumb\",\"itemListElement\":[{\"@type\":\"ListItem\",\"position\":1,\"name\":\"Portada\",\"item\":\"https:\\\/\\\/www.soinga.net\\\/web\\\/\"},{\"@type\":\"ListItem\",\"position\":2,\"name\":\"SYSTEMPIN\"}]},{\"@type\":\"WebSite\",\"@id\":\"https:\\\/\\\/www.soinga.net\\\/web\\\/#website\",\"url\":\"https:\\\/\\\/www.soinga.net\\\/web\\\/\",\"name\":\"SOINGA\",\"description\":\"Soporte Inform\u00e1tico\",\"publisher\":{\"@id\":\"https:\\\/\\\/www.soinga.net\\\/web\\\/#organization\"},\"alternateName\":\"Soporte Inform\u00e1tico\",\"potentialAction\":[{\"@type\":\"SearchAction\",\"target\":{\"@type\":\"EntryPoint\",\"urlTemplate\":\"https:\\\/\\\/www.soinga.net\\\/web\\\/?s={search_term_string}\"},\"query-input\":{\"@type\":\"PropertyValueSpecification\",\"valueRequired\":true,\"valueName\":\"search_term_string\"}}],\"inLanguage\":\"es\"},{\"@type\":\"Organization\",\"@id\":\"https:\\\/\\\/www.soinga.net\\\/web\\\/#organization\",\"name\":\"SOINGA\",\"url\":\"https:\\\/\\\/www.soinga.net\\\/web\\\/\",\"logo\":{\"@type\":\"ImageObject\",\"inLanguage\":\"es\",\"@id\":\"https:\\\/\\\/www.soinga.net\\\/web\\\/#\\\/schema\\\/logo\\\/image\\\/\",\"url\":\"http:\\\/\\\/localhost:10004\\\/wp-content\\\/uploads\\\/logo.png\",\"contentUrl\":\"http:\\\/\\\/localhost:10004\\\/wp-content\\\/uploads\\\/logo.png\",\"width\":193,\"height\":125,\"caption\":\"SOINGA\"},\"image\":{\"@id\":\"https:\\\/\\\/www.soinga.net\\\/web\\\/#\\\/schema\\\/logo\\\/image\\\/\"},\"sameAs\":[\"https:\\\/\\\/www.facebook.com\\\/SoingaSC-770654092982927\\\/\",\"https:\\\/\\\/www.instagram.com\\\/soinga_sc\\\/\"]}]}<\/script>\n<!-- \/ Yoast SEO plugin. -->","yoast_head_json":{"title":"SYSTEMPIN - SOINGA","robots":{"index":"index","follow":"follow","max-snippet":"max-snippet:-1","max-image-preview":"max-image-preview:large","max-video-preview":"max-video-preview:-1"},"canonical":"https:\/\/www.soinga.net\/web\/control-de-presencia\/","og_locale":"es_ES","og_type":"article","og_title":"SYSTEMPIN - SOINGA","og_description":"C\u00f3mo gestionar los tiempos de sus empleados Seg\u00fan apunta la sentencia de la Audiencia Nacional, las empresas tienen la obligaci\u00f3n [&hellip;]","og_url":"https:\/\/www.soinga.net\/web\/control-de-presencia\/","og_site_name":"SOINGA","article_publisher":"https:\/\/www.facebook.com\/SoingaSC-770654092982927\/","article_modified_time":"2026-03-05T17:23:36+00:00","og_image":[{"url":"https:\/\/www.soinga.net\/web\/wp-content\/uploads\/systempin.png","type":"","width":"","height":""}],"twitter_misc":{"Tiempo de lectura":"2 minutos"},"schema":{"@context":"https:\/\/schema.org","@graph":[{"@type":"WebPage","@id":"https:\/\/www.soinga.net\/web\/control-de-presencia\/","url":"https:\/\/www.soinga.net\/web\/control-de-presencia\/","name":"SYSTEMPIN - SOINGA","isPartOf":{"@id":"https:\/\/www.soinga.net\/web\/#website"},"primaryImageOfPage":{"@id":"https:\/\/www.soinga.net\/web\/control-de-presencia\/#primaryimage"},"image":{"@id":"https:\/\/www.soinga.net\/web\/control-de-presencia\/#primaryimage"},"thumbnailUrl":"https:\/\/www.soinga.net\/web\/wp-content\/uploads\/systempin.png","datePublished":"2016-04-18T11:09:57+00:00","dateModified":"2026-03-05T17:23:36+00:00","breadcrumb":{"@id":"https:\/\/www.soinga.net\/web\/control-de-presencia\/#breadcrumb"},"inLanguage":"es","potentialAction":[{"@type":"ReadAction","target":["https:\/\/www.soinga.net\/web\/control-de-presencia\/"]}]},{"@type":"ImageObject","inLanguage":"es","@id":"https:\/\/www.soinga.net\/web\/control-de-presencia\/#primaryimage","url":"https:\/\/i0.wp.com\/www.soinga.net\/web\/wp-content\/uploads\/systempin.png?fit=336%2C150&ssl=1","contentUrl":"https:\/\/i0.wp.com\/www.soinga.net\/web\/wp-content\/uploads\/systempin.png?fit=336%2C150&ssl=1","width":336,"height":150},{"@type":"BreadcrumbList","@id":"https:\/\/www.soinga.net\/web\/control-de-presencia\/#breadcrumb","itemListElement":[{"@type":"ListItem","position":1,"name":"Portada","item":"https:\/\/www.soinga.net\/web\/"},{"@type":"ListItem","position":2,"name":"SYSTEMPIN"}]},{"@type":"WebSite","@id":"https:\/\/www.soinga.net\/web\/#website","url":"https:\/\/www.soinga.net\/web\/","name":"SOINGA","description":"Soporte Inform\u00e1tico","publisher":{"@id":"https:\/\/www.soinga.net\/web\/#organization"},"alternateName":"Soporte Inform\u00e1tico","potentialAction":[{"@type":"SearchAction","target":{"@type":"EntryPoint","urlTemplate":"https:\/\/www.soinga.net\/web\/?s={search_term_string}"},"query-input":{"@type":"PropertyValueSpecification","valueRequired":true,"valueName":"search_term_string"}}],"inLanguage":"es"},{"@type":"Organization","@id":"https:\/\/www.soinga.net\/web\/#organization","name":"SOINGA","url":"https:\/\/www.soinga.net\/web\/","logo":{"@type":"ImageObject","inLanguage":"es","@id":"https:\/\/www.soinga.net\/web\/#\/schema\/logo\/image\/","url":"http:\/\/localhost:10004\/wp-content\/uploads\/logo.png","contentUrl":"http:\/\/localhost:10004\/wp-content\/uploads\/logo.png","width":193,"height":125,"caption":"SOINGA"},"image":{"@id":"https:\/\/www.soinga.net\/web\/#\/schema\/logo\/image\/"},"sameAs":["https:\/\/www.facebook.com\/SoingaSC-770654092982927\/","https:\/\/www.instagram.com\/soinga_sc\/"]}]}},"jetpack_sharing_enabled":true,"jetpack_shortlink":"https:\/\/wp.me\/P6oxXO-5w","jetpack-related-posts":[{"id":1610,"url":"https:\/\/www.soinga.net\/web\/systempin\/","url_meta":{"origin":342,"position":0},"title":"CONTROL HORARIO","author":"","date":false,"format":false,"excerpt":"C\u00f3mo gestionar los tiempos de sus empleados Seg\u00fan apunta la sentencia de la Audiencia Nacional, las empresas tienen la obligaci\u00f3n de registrar diariamente la jornada de trabajo de sus empleados aunque no se realicen horas extraordinarias. Uno de los mayores quebraderos de cabeza en la administraci\u00f3n de las empresas es\u2026","rel":"","context":"Entrada similar","block_context":{"text":"Entrada similar","link":""},"img":{"alt_text":"","src":"","width":0,"height":0},"classes":[]},{"id":1047,"url":"https:\/\/www.soinga.net\/web\/gestion-de-certificados\/","url_meta":{"origin":342,"position":1},"title":"GESTION DE CERTIFICADOS","author":"","date":false,"format":false,"excerpt":"Gesti\u00f3n \u00e1gil y c\u00f3moda de sus certificados digitales Este software nace de la necesidad de poder gestionar certificados digitales de manera eficiente e inmediata, facilitando la disponibilidad de los certificados entre todos los puestos de trabajo. Ahorra tiempo Localice el certificado que desea por nombre, entidad, NIF o DNI de\u2026","rel":"","context":"Entrada similar","block_context":{"text":"Entrada similar","link":""},"img":{"alt_text":"funciones del programa","src":"https:\/\/i0.wp.com\/bicert.es\/assets\/img\/caracteristica3.jpg?resize=350%2C200&ssl=1","width":350,"height":200},"classes":[]},{"id":131,"url":"https:\/\/www.soinga.net\/web\/","url_meta":{"origin":342,"position":2},"title":"SOINGA","author":"","date":false,"format":false,"excerpt":"\u00bfEn qu\u00e9 afecta a tu software de contabilidad o programa de gesti\u00f3n la aplicaci\u00f3n de la ley 11\/2021? \"Soluci\u00f3n integral en servicios inform\u00e1ticos a particulares y empresas.\" \"Analizamos sus necesidades, con el objetivo de encontrar una soluci\u00f3n integral adaptada totalmente a su empresa\" \"Disponemos de todo tipo de software, adaptado\u2026","rel":"","context":"Entrada similar","block_context":{"text":"Entrada similar","link":""},"img":{"alt_text":"","src":"https:\/\/i0.wp.com\/www.soinga.net\/web\/wp-content\/uploads\/glop_home.jpg?resize=350%2C200&ssl=1","width":350,"height":200,"srcset":"https:\/\/i0.wp.com\/www.soinga.net\/web\/wp-content\/uploads\/glop_home.jpg?resize=350%2C200&ssl=1 1x, https:\/\/i0.wp.com\/www.soinga.net\/web\/wp-content\/uploads\/glop_home.jpg?resize=525%2C300&ssl=1 1.5x, https:\/\/i0.wp.com\/www.soinga.net\/web\/wp-content\/uploads\/glop_home.jpg?resize=700%2C400&ssl=1 2x"},"classes":[]},{"id":7,"url":"https:\/\/www.soinga.net\/web\/inicio\/","url_meta":{"origin":342,"position":3},"title":"HARDWARE","author":"","date":false,"format":false,"excerpt":"Mantenimiento inform\u00e1tico El mantenimiento inform\u00e1tico es la actividad principal de Soinga, estando dedicada al servicio de asistencia t\u00e9cnica y soporte de componentes inform\u00e1ticos. Nuestro abanico de clientes abarca\u00a0desde particulares\u00a0hasta la gran empresa. El mantenimiento inform\u00e1tico no s\u00f3lo es la mejor forma de que los equipos de su empresa funcionen de\u2026","rel":"","context":"Entrada similar","block_context":{"text":"Entrada similar","link":""},"img":{"alt_text":"","src":"","width":0,"height":0},"classes":[]},{"id":123,"url":"https:\/\/www.soinga.net\/web\/nosotros-2\/","url_meta":{"origin":342,"position":4},"title":"NOSOTROS","author":"","date":false,"format":false,"excerpt":"Soinga, nace con la ilusi\u00f3n de dar cobertura a todo lo referido a la inform\u00e1tica de su negocio. La experiencia de nuestros profesionales est\u00e1 avalada con casi dos d\u00e9cadas dedicadas al sector inform\u00e1tico, evolucionando con las nuevas tecnolog\u00edas: Internet y comunicaciones. Nosotros nos encargamos de todo lo relacionado con la\u2026","rel":"","context":"Entrada similar","block_context":{"text":"Entrada similar","link":""},"img":{"alt_text":"","src":"","width":0,"height":0},"classes":[]},{"id":389,"url":"https:\/\/www.soinga.net\/web\/reparacion-ordenadores\/","url_meta":{"origin":342,"position":5},"title":"REPARACION ORDENADORES REPARAR ORDENADOR","author":"","date":false,"format":false,"excerpt":"Nuestro servicio de reparaci\u00f3n de ordenadores tiene como objetivo principal solucionar cualquier problema inform\u00e1tico que tenga su ordenador en el menor tiempo posible. Soinga\u00a0le ofrece un servicio global de calidad, profesional y transparente al mejor precio. Para ello contamos con t\u00e9cnicos inform\u00e1ticos y t\u00e9cnicos electr\u00f3nicos, con muchos a\u00f1os de experiencia,\u2026","rel":"","context":"Entrada similar","block_context":{"text":"Entrada similar","link":""},"img":{"alt_text":"reparacion ordenadores","src":"https:\/\/i0.wp.com\/localhost\/wp-content\/uploads\/images-1.jpg?resize=350%2C200","width":350,"height":200},"classes":[]}],"jetpack_likes_enabled":false,"_links":{"self":[{"href":"https:\/\/www.soinga.net\/web\/wp-json\/wp\/v2\/pages\/342","targetHints":{"allow":["GET"]}}],"collection":[{"href":"https:\/\/www.soinga.net\/web\/wp-json\/wp\/v2\/pages"}],"about":[{"href":"https:\/\/www.soinga.net\/web\/wp-json\/wp\/v2\/types\/page"}],"author":[{"embeddable":true,"href":"https:\/\/www.soinga.net\/web\/wp-json\/wp\/v2\/users\/1"}],"replies":[{"embeddable":true,"href":"https:\/\/www.soinga.net\/web\/wp-json\/wp\/v2\/comments?post=342"}],"version-history":[{"count":3,"href":"https:\/\/www.soinga.net\/web\/wp-json\/wp\/v2\/pages\/342\/revisions"}],"predecessor-version":[{"id":1657,"href":"https:\/\/www.soinga.net\/web\/wp-json\/wp\/v2\/pages\/342\/revisions\/1657"}],"wp:attachment":[{"href":"https:\/\/www.soinga.net\/web\/wp-json\/wp\/v2\/media?parent=342"}],"curies":[{"name":"wp","href":"https:\/\/api.w.org\/{rel}","templated":true}]}}