{"id":411,"date":"2016-05-18T17:13:24","date_gmt":"2016-05-18T15:13:24","guid":{"rendered":"http:\/\/localhost:10004\/?page_id=411"},"modified":"2026-03-05T18:22:06","modified_gmt":"2026-03-05T17:22:06","slug":"software-de-goldensoft","status":"publish","type":"page","link":"https:\/\/www.soinga.net\/web\/software-de-goldensoft\/","title":{"rendered":"GOLDENSOFT"},"content":{"rendered":"\n<figure class=\"wp-block-image size-full\"><img data-recalc-dims=\"1\" loading=\"lazy\" decoding=\"async\" width=\"210\" height=\"96\" data-attachment-id=\"1655\" data-permalink=\"https:\/\/www.soinga.net\/web\/software-de-goldensoft\/golden-soft-2\/\" data-orig-file=\"https:\/\/i0.wp.com\/www.soinga.net\/web\/wp-content\/uploads\/golden-soft-1.jpg?fit=210%2C96&amp;ssl=1\" data-orig-size=\"210,96\" data-comments-opened=\"0\" data-image-meta=\"{&quot;aperture&quot;:&quot;0&quot;,&quot;credit&quot;:&quot;&quot;,&quot;camera&quot;:&quot;&quot;,&quot;caption&quot;:&quot;&quot;,&quot;created_timestamp&quot;:&quot;0&quot;,&quot;copyright&quot;:&quot;&quot;,&quot;focal_length&quot;:&quot;0&quot;,&quot;iso&quot;:&quot;0&quot;,&quot;shutter_speed&quot;:&quot;0&quot;,&quot;title&quot;:&quot;&quot;,&quot;orientation&quot;:&quot;0&quot;}\" data-image-title=\"golden-soft\" data-image-description=\"\" data-image-caption=\"\" data-large-file=\"https:\/\/i0.wp.com\/www.soinga.net\/web\/wp-content\/uploads\/golden-soft-1.jpg?fit=210%2C96&amp;ssl=1\" src=\"https:\/\/i0.wp.com\/www.soinga.net\/web\/wp-content\/uploads\/golden-soft-1.jpg?resize=210%2C96&#038;ssl=1\" alt=\"\" class=\"wp-image-1655\"\/><\/figure>\n\n\n<h3><em><span style=\"color: #000000;\">ASESORIAS<\/span><\/em><\/h3>\n<p><span class=\"embed-youtube\" style=\"text-align:center; display: block;\"><iframe loading=\"lazy\" class=\"youtube-player\" width=\"640\" height=\"360\" src=\"https:\/\/www.youtube.com\/embed\/JR-7mReUN0o?version=3&#038;rel=1&#038;showsearch=0&#038;showinfo=1&#038;iv_load_policy=1&#038;fs=1&#038;hl=es-ES&#038;autohide=2&#038;wmode=transparent\" allowfullscreen=\"true\" style=\"border:0;\" sandbox=\"allow-scripts allow-same-origin allow-popups allow-presentation allow-popups-to-escape-sandbox\"><\/iframe><\/span><\/p>\n<h3><em>GESTI\u00d3N COMERCIAL<\/em><\/h3>\n<p><span class=\"embed-youtube\" style=\"text-align:center; display: block;\"><iframe loading=\"lazy\" class=\"youtube-player\" width=\"640\" height=\"360\" src=\"https:\/\/www.youtube.com\/embed\/NU1YQJ3Lwqc?version=3&#038;rel=1&#038;showsearch=0&#038;showinfo=1&#038;iv_load_policy=1&#038;fs=1&#038;hl=es-ES&#038;autohide=2&#038;wmode=transparent\" allowfullscreen=\"true\" style=\"border:0;\" sandbox=\"allow-scripts allow-same-origin allow-popups allow-presentation allow-popups-to-escape-sandbox\"><\/iframe><\/span><\/p>\n<h3><em>TPV<\/em><\/h3>\n<p><span class=\"embed-youtube\" style=\"text-align:center; display: block;\"><iframe loading=\"lazy\" class=\"youtube-player\" width=\"640\" height=\"360\" src=\"https:\/\/www.youtube.com\/embed\/C6vqFCuatu4?version=3&#038;rel=1&#038;showsearch=0&#038;showinfo=1&#038;iv_load_policy=1&#038;fs=1&#038;hl=es-ES&#038;autohide=2&#038;wmode=transparent\" allowfullscreen=\"true\" style=\"border:0;\" sandbox=\"allow-scripts allow-same-origin allow-popups allow-presentation allow-popups-to-escape-sandbox\"><\/iframe><\/span><\/p>\n<h3><em>CRM<\/em><\/h3>\n<p><span class=\"embed-youtube\" style=\"text-align:center; display: block;\"><iframe loading=\"lazy\" class=\"youtube-player\" width=\"640\" height=\"360\" src=\"https:\/\/www.youtube.com\/embed\/7Cu2C_8oHkI?version=3&#038;rel=1&#038;showsearch=0&#038;showinfo=1&#038;iv_load_policy=1&#038;fs=1&#038;hl=es-ES&#038;autohide=2&#038;wmode=transparent\" allowfullscreen=\"true\" style=\"border:0;\" sandbox=\"allow-scripts allow-same-origin allow-popups allow-presentation allow-popups-to-escape-sandbox\"><\/iframe><\/span><\/p>\n<h3><em>CONTABILIDAD<\/em><\/h3>\n<p><span class=\"embed-youtube\" style=\"text-align:center; display: block;\"><iframe loading=\"lazy\" class=\"youtube-player\" width=\"640\" height=\"360\" src=\"https:\/\/www.youtube.com\/embed\/tRNsB9m4Z0c?version=3&#038;rel=1&#038;showsearch=0&#038;showinfo=1&#038;iv_load_policy=1&#038;fs=1&#038;hl=es-ES&#038;autohide=2&#038;wmode=transparent\" allowfullscreen=\"true\" style=\"border:0;\" sandbox=\"allow-scripts allow-same-origin allow-popups allow-presentation allow-popups-to-escape-sandbox\"><\/iframe><\/span><\/p>\n<h3><em>NOMINAS<\/em><\/h3>\n<p><span class=\"embed-youtube\" style=\"text-align:center; display: block;\"><iframe loading=\"lazy\" class=\"youtube-player\" width=\"640\" height=\"360\" src=\"https:\/\/www.youtube.com\/embed\/JwQwkN-uN_g?version=3&#038;rel=1&#038;showsearch=0&#038;showinfo=1&#038;iv_load_policy=1&#038;fs=1&#038;hl=es-ES&#038;autohide=2&#038;wmode=transparent\" allowfullscreen=\"true\" style=\"border:0;\" sandbox=\"allow-scripts allow-same-origin allow-popups allow-presentation allow-popups-to-escape-sandbox\"><\/iframe><\/span><\/p>\n<h3><em>AUTONOMOS<\/em><\/h3>\n<p><span class=\"embed-youtube\" style=\"text-align:center; display: block;\"><iframe loading=\"lazy\" class=\"youtube-player\" width=\"640\" height=\"360\" src=\"https:\/\/www.youtube.com\/embed\/-vjO2NMjkY8?version=3&#038;rel=1&#038;showsearch=0&#038;showinfo=1&#038;iv_load_policy=1&#038;fs=1&#038;hl=es-ES&#038;autohide=2&#038;wmode=transparent\" allowfullscreen=\"true\" style=\"border:0;\" sandbox=\"allow-scripts allow-same-origin allow-popups allow-presentation allow-popups-to-escape-sandbox\"><\/iframe><\/span><\/p>\n<h3><em>FINCAS<\/em><\/h3>\n<p><span class=\"embed-youtube\" style=\"text-align:center; display: block;\"><iframe loading=\"lazy\" class=\"youtube-player\" width=\"640\" height=\"360\" src=\"https:\/\/www.youtube.com\/embed\/LoPqJQ4XCTY?version=3&#038;rel=1&#038;showsearch=0&#038;showinfo=1&#038;iv_load_policy=1&#038;fs=1&#038;hl=es-ES&#038;autohide=2&#038;wmode=transparent\" allowfullscreen=\"true\" style=\"border:0;\" sandbox=\"allow-scripts allow-same-origin allow-popups allow-presentation allow-popups-to-escape-sandbox\"><\/iframe><\/span><\/p>\n<p>\u00a0<\/p>","protected":false},"excerpt":{"rendered":"<p>ASESORIAS GESTI\u00d3N COMERCIAL TPV CRM CONTABILIDAD NOMINAS AUTONOMOS FINCAS \u00a0<\/p>\n","protected":false},"author":1,"featured_media":0,"parent":0,"menu_order":0,"comment_status":"closed","ping_status":"closed","template":"","meta":{"site-sidebar-layout":"default","site-content-layout":"","ast-site-content-layout":"default","site-content-style":"default","site-sidebar-style":"default","ast-global-header-display":"","ast-banner-title-visibility":"","ast-main-header-display":"","ast-hfb-above-header-display":"","ast-hfb-below-header-display":"","ast-hfb-mobile-header-display":"","site-post-title":"disabled","ast-breadcrumbs-content":"","ast-featured-img":"","footer-sml-layout":"","ast-disable-related-posts":"","theme-transparent-header-meta":"","adv-header-id-meta":"","stick-header-meta":"","header-above-stick-meta":"","header-main-stick-meta":"","header-below-stick-meta":"","astra-migrate-meta-layouts":"default","ast-page-background-enabled":"default","ast-page-background-meta":{"desktop":{"background-color":"var(--ast-global-color-4)","background-image":"","background-repeat":"repeat","background-position":"center center","background-size":"auto","background-attachment":"scroll","background-type":"","background-media":"","overlay-type":"","overlay-color":"","overlay-opacity":"","overlay-gradient":""},"tablet":{"background-color":"","background-image":"","background-repeat":"repeat","background-position":"center center","background-size":"auto","background-attachment":"scroll","background-type":"","background-media":"","overlay-type":"","overlay-color":"","overlay-opacity":"","overlay-gradient":""},"mobile":{"background-color":"","background-image":"","background-repeat":"repeat","background-position":"center center","background-size":"auto","background-attachment":"scroll","background-type":"","background-media":"","overlay-type":"","overlay-color":"","overlay-opacity":"","overlay-gradient":""}},"ast-content-background-meta":{"desktop":{"background-color":"var(--ast-global-color-5)","background-image":"","background-repeat":"repeat","background-position":"center center","background-size":"auto","background-attachment":"scroll","background-type":"","background-media":"","overlay-type":"","overlay-color":"","overlay-opacity":"","overlay-gradient":""},"tablet":{"background-color":"var(--ast-global-color-5)","background-image":"","background-repeat":"repeat","background-position":"center center","background-size":"auto","background-attachment":"scroll","background-type":"","background-media":"","overlay-type":"","overlay-color":"","overlay-opacity":"","overlay-gradient":""},"mobile":{"background-color":"var(--ast-global-color-5)","background-image":"","background-repeat":"repeat","background-position":"center center","background-size":"auto","background-attachment":"scroll","background-type":"","background-media":"","overlay-type":"","overlay-color":"","overlay-opacity":"","overlay-gradient":""}},"footnotes":""},"class_list":["post-411","page","type-page","status-publish","hentry"],"yoast_head":"<!-- This site is optimized with the Yoast SEO plugin v27.3 - https:\/\/yoast.com\/product\/yoast-seo-wordpress\/ -->\n<title>GOLDENSOFT - SOINGA<\/title>\n<meta name=\"robots\" content=\"index, follow, max-snippet:-1, max-image-preview:large, max-video-preview:-1\" \/>\n<link rel=\"canonical\" href=\"https:\/\/www.soinga.net\/web\/software-de-goldensoft\/\" \/>\n<meta property=\"og:locale\" content=\"es_ES\" \/>\n<meta property=\"og:type\" content=\"article\" \/>\n<meta property=\"og:title\" content=\"GOLDENSOFT - SOINGA\" \/>\n<meta property=\"og:description\" content=\"ASESORIAS GESTI\u00d3N COMERCIAL TPV CRM CONTABILIDAD NOMINAS AUTONOMOS FINCAS \u00a0\" \/>\n<meta property=\"og:url\" content=\"https:\/\/www.soinga.net\/web\/software-de-goldensoft\/\" \/>\n<meta property=\"og:site_name\" content=\"SOINGA\" \/>\n<meta property=\"article:publisher\" content=\"https:\/\/www.facebook.com\/SoingaSC-770654092982927\/\" \/>\n<meta property=\"article:modified_time\" content=\"2026-03-05T17:22:06+00:00\" \/>\n<meta property=\"og:image\" content=\"https:\/\/www.soinga.net\/web\/wp-content\/uploads\/golden-soft-1.jpg\" \/>\n<meta name=\"twitter:label1\" content=\"Tiempo de lectura\" \/>\n\t<meta name=\"twitter:data1\" content=\"1 minuto\" \/>\n<script type=\"application\/ld+json\" class=\"yoast-schema-graph\">{\"@context\":\"https:\\\/\\\/schema.org\",\"@graph\":[{\"@type\":\"WebPage\",\"@id\":\"https:\\\/\\\/www.soinga.net\\\/web\\\/software-de-goldensoft\\\/\",\"url\":\"https:\\\/\\\/www.soinga.net\\\/web\\\/software-de-goldensoft\\\/\",\"name\":\"GOLDENSOFT - SOINGA\",\"isPartOf\":{\"@id\":\"https:\\\/\\\/www.soinga.net\\\/web\\\/#website\"},\"primaryImageOfPage\":{\"@id\":\"https:\\\/\\\/www.soinga.net\\\/web\\\/software-de-goldensoft\\\/#primaryimage\"},\"image\":{\"@id\":\"https:\\\/\\\/www.soinga.net\\\/web\\\/software-de-goldensoft\\\/#primaryimage\"},\"thumbnailUrl\":\"https:\\\/\\\/www.soinga.net\\\/web\\\/wp-content\\\/uploads\\\/golden-soft-1.jpg\",\"datePublished\":\"2016-05-18T15:13:24+00:00\",\"dateModified\":\"2026-03-05T17:22:06+00:00\",\"breadcrumb\":{\"@id\":\"https:\\\/\\\/www.soinga.net\\\/web\\\/software-de-goldensoft\\\/#breadcrumb\"},\"inLanguage\":\"es\",\"potentialAction\":[{\"@type\":\"ReadAction\",\"target\":[\"https:\\\/\\\/www.soinga.net\\\/web\\\/software-de-goldensoft\\\/\"]}]},{\"@type\":\"ImageObject\",\"inLanguage\":\"es\",\"@id\":\"https:\\\/\\\/www.soinga.net\\\/web\\\/software-de-goldensoft\\\/#primaryimage\",\"url\":\"https:\\\/\\\/i0.wp.com\\\/www.soinga.net\\\/web\\\/wp-content\\\/uploads\\\/golden-soft-1.jpg?fit=210%2C96&ssl=1\",\"contentUrl\":\"https:\\\/\\\/i0.wp.com\\\/www.soinga.net\\\/web\\\/wp-content\\\/uploads\\\/golden-soft-1.jpg?fit=210%2C96&ssl=1\",\"width\":210,\"height\":96},{\"@type\":\"BreadcrumbList\",\"@id\":\"https:\\\/\\\/www.soinga.net\\\/web\\\/software-de-goldensoft\\\/#breadcrumb\",\"itemListElement\":[{\"@type\":\"ListItem\",\"position\":1,\"name\":\"Portada\",\"item\":\"https:\\\/\\\/www.soinga.net\\\/web\\\/\"},{\"@type\":\"ListItem\",\"position\":2,\"name\":\"GOLDENSOFT\"}]},{\"@type\":\"WebSite\",\"@id\":\"https:\\\/\\\/www.soinga.net\\\/web\\\/#website\",\"url\":\"https:\\\/\\\/www.soinga.net\\\/web\\\/\",\"name\":\"SOINGA\",\"description\":\"Soporte Inform\u00e1tico\",\"publisher\":{\"@id\":\"https:\\\/\\\/www.soinga.net\\\/web\\\/#organization\"},\"alternateName\":\"Soporte Inform\u00e1tico\",\"potentialAction\":[{\"@type\":\"SearchAction\",\"target\":{\"@type\":\"EntryPoint\",\"urlTemplate\":\"https:\\\/\\\/www.soinga.net\\\/web\\\/?s={search_term_string}\"},\"query-input\":{\"@type\":\"PropertyValueSpecification\",\"valueRequired\":true,\"valueName\":\"search_term_string\"}}],\"inLanguage\":\"es\"},{\"@type\":\"Organization\",\"@id\":\"https:\\\/\\\/www.soinga.net\\\/web\\\/#organization\",\"name\":\"SOINGA\",\"url\":\"https:\\\/\\\/www.soinga.net\\\/web\\\/\",\"logo\":{\"@type\":\"ImageObject\",\"inLanguage\":\"es\",\"@id\":\"https:\\\/\\\/www.soinga.net\\\/web\\\/#\\\/schema\\\/logo\\\/image\\\/\",\"url\":\"http:\\\/\\\/localhost:10004\\\/wp-content\\\/uploads\\\/logo.png\",\"contentUrl\":\"http:\\\/\\\/localhost:10004\\\/wp-content\\\/uploads\\\/logo.png\",\"width\":193,\"height\":125,\"caption\":\"SOINGA\"},\"image\":{\"@id\":\"https:\\\/\\\/www.soinga.net\\\/web\\\/#\\\/schema\\\/logo\\\/image\\\/\"},\"sameAs\":[\"https:\\\/\\\/www.facebook.com\\\/SoingaSC-770654092982927\\\/\",\"https:\\\/\\\/www.instagram.com\\\/soinga_sc\\\/\"]}]}<\/script>\n<!-- \/ Yoast SEO plugin. -->","yoast_head_json":{"title":"GOLDENSOFT - SOINGA","robots":{"index":"index","follow":"follow","max-snippet":"max-snippet:-1","max-image-preview":"max-image-preview:large","max-video-preview":"max-video-preview:-1"},"canonical":"https:\/\/www.soinga.net\/web\/software-de-goldensoft\/","og_locale":"es_ES","og_type":"article","og_title":"GOLDENSOFT - SOINGA","og_description":"ASESORIAS GESTI\u00d3N COMERCIAL TPV CRM CONTABILIDAD NOMINAS AUTONOMOS FINCAS \u00a0","og_url":"https:\/\/www.soinga.net\/web\/software-de-goldensoft\/","og_site_name":"SOINGA","article_publisher":"https:\/\/www.facebook.com\/SoingaSC-770654092982927\/","article_modified_time":"2026-03-05T17:22:06+00:00","og_image":[{"url":"https:\/\/www.soinga.net\/web\/wp-content\/uploads\/golden-soft-1.jpg","type":"","width":"","height":""}],"twitter_misc":{"Tiempo de lectura":"1 minuto"},"schema":{"@context":"https:\/\/schema.org","@graph":[{"@type":"WebPage","@id":"https:\/\/www.soinga.net\/web\/software-de-goldensoft\/","url":"https:\/\/www.soinga.net\/web\/software-de-goldensoft\/","name":"GOLDENSOFT - SOINGA","isPartOf":{"@id":"https:\/\/www.soinga.net\/web\/#website"},"primaryImageOfPage":{"@id":"https:\/\/www.soinga.net\/web\/software-de-goldensoft\/#primaryimage"},"image":{"@id":"https:\/\/www.soinga.net\/web\/software-de-goldensoft\/#primaryimage"},"thumbnailUrl":"https:\/\/www.soinga.net\/web\/wp-content\/uploads\/golden-soft-1.jpg","datePublished":"2016-05-18T15:13:24+00:00","dateModified":"2026-03-05T17:22:06+00:00","breadcrumb":{"@id":"https:\/\/www.soinga.net\/web\/software-de-goldensoft\/#breadcrumb"},"inLanguage":"es","potentialAction":[{"@type":"ReadAction","target":["https:\/\/www.soinga.net\/web\/software-de-goldensoft\/"]}]},{"@type":"ImageObject","inLanguage":"es","@id":"https:\/\/www.soinga.net\/web\/software-de-goldensoft\/#primaryimage","url":"https:\/\/i0.wp.com\/www.soinga.net\/web\/wp-content\/uploads\/golden-soft-1.jpg?fit=210%2C96&ssl=1","contentUrl":"https:\/\/i0.wp.com\/www.soinga.net\/web\/wp-content\/uploads\/golden-soft-1.jpg?fit=210%2C96&ssl=1","width":210,"height":96},{"@type":"BreadcrumbList","@id":"https:\/\/www.soinga.net\/web\/software-de-goldensoft\/#breadcrumb","itemListElement":[{"@type":"ListItem","position":1,"name":"Portada","item":"https:\/\/www.soinga.net\/web\/"},{"@type":"ListItem","position":2,"name":"GOLDENSOFT"}]},{"@type":"WebSite","@id":"https:\/\/www.soinga.net\/web\/#website","url":"https:\/\/www.soinga.net\/web\/","name":"SOINGA","description":"Soporte Inform\u00e1tico","publisher":{"@id":"https:\/\/www.soinga.net\/web\/#organization"},"alternateName":"Soporte Inform\u00e1tico","potentialAction":[{"@type":"SearchAction","target":{"@type":"EntryPoint","urlTemplate":"https:\/\/www.soinga.net\/web\/?s={search_term_string}"},"query-input":{"@type":"PropertyValueSpecification","valueRequired":true,"valueName":"search_term_string"}}],"inLanguage":"es"},{"@type":"Organization","@id":"https:\/\/www.soinga.net\/web\/#organization","name":"SOINGA","url":"https:\/\/www.soinga.net\/web\/","logo":{"@type":"ImageObject","inLanguage":"es","@id":"https:\/\/www.soinga.net\/web\/#\/schema\/logo\/image\/","url":"http:\/\/localhost:10004\/wp-content\/uploads\/logo.png","contentUrl":"http:\/\/localhost:10004\/wp-content\/uploads\/logo.png","width":193,"height":125,"caption":"SOINGA"},"image":{"@id":"https:\/\/www.soinga.net\/web\/#\/schema\/logo\/image\/"},"sameAs":["https:\/\/www.facebook.com\/SoingaSC-770654092982927\/","https:\/\/www.instagram.com\/soinga_sc\/"]}]}},"jetpack_sharing_enabled":true,"jetpack_shortlink":"https:\/\/wp.me\/P6oxXO-6D","jetpack-related-posts":[{"id":808,"url":"https:\/\/www.soinga.net\/web\/glop\/","url_meta":{"origin":411,"position":0},"title":"GLOP","author":"","date":false,"format":false,"excerpt":"El Tpv hosteler\u00eda que aporta\u00a0una soluci\u00f3n \u00c1gil e Intuitiva Con GLOP TPV toma el control de tu\u00a0restaurante, cafeter\u00eda, discoteca o helader\u00eda con un \u00fanico software tpv\u00a0adaptado a las necesidades de establecimientos de hosteler\u00eda. GLOP TPV es un programa dise\u00f1ado pensando en el usuario, con\u00a0una interfaz muy intuitiva, fruto de\u00a0un estudio\u2026","rel":"","context":"Entrada similar","block_context":{"text":"Entrada similar","link":""},"img":{"alt_text":"","src":"https:\/\/i0.wp.com\/www.soinga.net\/web\/wp-content\/uploads\/glop_home.jpg?resize=350%2C200&ssl=1","width":350,"height":200,"srcset":"https:\/\/i0.wp.com\/www.soinga.net\/web\/wp-content\/uploads\/glop_home.jpg?resize=350%2C200&ssl=1 1x, https:\/\/i0.wp.com\/www.soinga.net\/web\/wp-content\/uploads\/glop_home.jpg?resize=525%2C300&ssl=1 1.5x, https:\/\/i0.wp.com\/www.soinga.net\/web\/wp-content\/uploads\/glop_home.jpg?resize=700%2C400&ssl=1 2x"},"classes":[]},{"id":342,"url":"https:\/\/www.soinga.net\/web\/control-de-presencia\/","url_meta":{"origin":411,"position":1},"title":"SYSTEMPIN","author":"","date":false,"format":false,"excerpt":"C\u00f3mo gestionar los tiempos de sus empleados Seg\u00fan apunta la sentencia de la Audiencia Nacional, las empresas tienen la obligaci\u00f3n de registrar diariamente la jornada de trabajo de sus empleados aunque no se realicen horas extraordinarias. Uno de los mayores quebraderos de cabeza en la administraci\u00f3n de las empresas es\u2026","rel":"","context":"Entrada similar","block_context":{"text":"Entrada similar","link":""},"img":{"alt_text":"","src":"https:\/\/i0.wp.com\/www.soinga.net\/web\/wp-content\/uploads\/systempin.png?resize=350%2C200&ssl=1","width":350,"height":200},"classes":[]},{"id":1474,"url":"https:\/\/www.soinga.net\/web\/politica-de-privacidad\/","url_meta":{"origin":411,"position":2},"title":"Pol\u00edtica de privacidad","author":"","date":false,"format":false,"excerpt":"Qui\u00e9nes somos La direcci\u00f3n de nuestra web es www.soinga.net Comentarios Cuando los visitantes dejan comentarios en la web, recopilamos los datos que se muestran en el formulario de comentarios, as\u00ed como la direcci\u00f3n IP del visitante y la cadena de agentes de usuario del navegador para ayudar a la detecci\u00f3n\u2026","rel":"","context":"Entrada similar","block_context":{"text":"Entrada similar","link":""},"img":{"alt_text":"","src":"","width":0,"height":0},"classes":[]}],"jetpack_likes_enabled":false,"_links":{"self":[{"href":"https:\/\/www.soinga.net\/web\/wp-json\/wp\/v2\/pages\/411","targetHints":{"allow":["GET"]}}],"collection":[{"href":"https:\/\/www.soinga.net\/web\/wp-json\/wp\/v2\/pages"}],"about":[{"href":"https:\/\/www.soinga.net\/web\/wp-json\/wp\/v2\/types\/page"}],"author":[{"embeddable":true,"href":"https:\/\/www.soinga.net\/web\/wp-json\/wp\/v2\/users\/1"}],"replies":[{"embeddable":true,"href":"https:\/\/www.soinga.net\/web\/wp-json\/wp\/v2\/comments?post=411"}],"version-history":[{"count":1,"href":"https:\/\/www.soinga.net\/web\/wp-json\/wp\/v2\/pages\/411\/revisions"}],"predecessor-version":[{"id":1656,"href":"https:\/\/www.soinga.net\/web\/wp-json\/wp\/v2\/pages\/411\/revisions\/1656"}],"wp:attachment":[{"href":"https:\/\/www.soinga.net\/web\/wp-json\/wp\/v2\/media?parent=411"}],"curies":[{"name":"wp","href":"https:\/\/api.w.org\/{rel}","templated":true}]}}