{"id":7,"date":"2015-02-03T17:24:31","date_gmt":"2015-02-03T17:24:31","guid":{"rendered":"http:\/\/localhost:10004\/?page_id=7"},"modified":"2026-02-25T13:41:45","modified_gmt":"2026-02-25T11:41:45","slug":"inicio","status":"publish","type":"page","link":"https:\/\/www.soinga.net\/web\/inicio\/","title":{"rendered":"HARDWARE"},"content":{"rendered":"<h2><span style=\"color: #000000;\">Mantenimiento inform\u00e1tico<\/span><\/h2>\n<hr \/>\n<p style=\"text-align: justify;\"><span style=\"color: #000000;\">El mantenimiento inform\u00e1tico es la actividad principal de Soinga, estando dedicada al servicio de asistencia t\u00e9cnica y soporte de componentes inform\u00e1ticos. Nuestro abanico de clientes abarca\u00a0desde particulares\u00a0hasta la gran empresa.<\/span><\/p>\n<p style=\"text-align: justify;\"><span style=\"color: #000000;\">El <strong>mantenimiento inform\u00e1tico<\/strong> no s\u00f3lo es la mejor forma de que los equipos de su empresa funcionen de la mejor manera posible, si no que es la mejor forma de <strong>ahorrar costes<\/strong> innecesarios, al disponer en todo momento de sus equipos actualizados, seguros y en \u00f3ptimas condiciones.<\/span><\/p>\n<p style=\"text-align: justify;\"><span style=\"color: #000000;\">Disponemos de un contrato de servicio de mantenimiento adaptado a sus necesidades.<\/span><\/p>\n<p style=\"text-align: justify;\"><span style=\"color: #000000;\">Gestionamos y configuramos diferentes sistemas de <strong>copia de seguridad<\/strong>.<\/span><\/p>\n<p style=\"text-align: justify;\"><span style=\"color: #000000;\">Realizamos todo tipo de instalaciones (redes, servidores, pcs, impresoras, etc.)<\/span><\/p>\n<p style=\"text-align: justify;\"><span style=\"color: #000000;\">Si desea ampliar informaci\u00f3n sobre nuestro servicio inform\u00e1tico puede hacerlo contactando con nosotros en la siguiente direcci\u00f3n: <a style=\"color: #000000;\" href=\"mailto:info@soinga.net\" target=\"_blank\">info@soinga.net<\/a><\/span><\/p>\n","protected":false},"excerpt":{"rendered":"<p>Mantenimiento inform\u00e1tico El mantenimiento inform\u00e1tico es la actividad principal de Soinga, estando dedicada al servicio de asistencia t\u00e9cnica y soporte [&hellip;]<\/p>\n","protected":false},"author":1,"featured_media":0,"parent":0,"menu_order":1,"comment_status":"closed","ping_status":"closed","template":"","meta":{"site-sidebar-layout":"default","site-content-layout":"","ast-site-content-layout":"default","site-content-style":"default","site-sidebar-style":"default","ast-global-header-display":"","ast-banner-title-visibility":"","ast-main-header-display":"","ast-hfb-above-header-display":"","ast-hfb-below-header-display":"","ast-hfb-mobile-header-display":"","site-post-title":"","ast-breadcrumbs-content":"","ast-featured-img":"","footer-sml-layout":"","ast-disable-related-posts":"","theme-transparent-header-meta":"","adv-header-id-meta":"","stick-header-meta":"","header-above-stick-meta":"","header-main-stick-meta":"","header-below-stick-meta":"","astra-migrate-meta-layouts":"default","ast-page-background-enabled":"default","ast-page-background-meta":{"desktop":{"background-color":"var(--ast-global-color-4)","background-image":"","background-repeat":"repeat","background-position":"center center","background-size":"auto","background-attachment":"scroll","background-type":"","background-media":"","overlay-type":"","overlay-color":"","overlay-opacity":"","overlay-gradient":""},"tablet":{"background-color":"","background-image":"","background-repeat":"repeat","background-position":"center center","background-size":"auto","background-attachment":"scroll","background-type":"","background-media":"","overlay-type":"","overlay-color":"","overlay-opacity":"","overlay-gradient":""},"mobile":{"background-color":"","background-image":"","background-repeat":"repeat","background-position":"center center","background-size":"auto","background-attachment":"scroll","background-type":"","background-media":"","overlay-type":"","overlay-color":"","overlay-opacity":"","overlay-gradient":""}},"ast-content-background-meta":{"desktop":{"background-color":"var(--ast-global-color-5)","background-image":"","background-repeat":"repeat","background-position":"center center","background-size":"auto","background-attachment":"scroll","background-type":"","background-media":"","overlay-type":"","overlay-color":"","overlay-opacity":"","overlay-gradient":""},"tablet":{"background-color":"var(--ast-global-color-5)","background-image":"","background-repeat":"repeat","background-position":"center center","background-size":"auto","background-attachment":"scroll","background-type":"","background-media":"","overlay-type":"","overlay-color":"","overlay-opacity":"","overlay-gradient":""},"mobile":{"background-color":"var(--ast-global-color-5)","background-image":"","background-repeat":"repeat","background-position":"center center","background-size":"auto","background-attachment":"scroll","background-type":"","background-media":"","overlay-type":"","overlay-color":"","overlay-opacity":"","overlay-gradient":""}},"footnotes":""},"class_list":["post-7","page","type-page","status-publish","hentry"],"jetpack_sharing_enabled":true,"jetpack_shortlink":"https:\/\/wp.me\/P6oxXO-7","jetpack-related-posts":[{"id":131,"url":"https:\/\/www.soinga.net\/web\/","url_meta":{"origin":7,"position":0},"title":"SOINGA","author":"","date":false,"format":false,"excerpt":"\u00bfEn qu\u00e9 afecta a tu software de contabilidad o programa de gesti\u00f3n la aplicaci\u00f3n de la ley 11\/2021? \"Soluci\u00f3n integral en servicios inform\u00e1ticos a particulares y empresas.\" \"Analizamos sus necesidades, con el objetivo de encontrar una soluci\u00f3n integral adaptada totalmente a su empresa\" \"Disponemos de todo tipo de software, adaptado\u2026","rel":"","context":"Entrada similar","block_context":{"text":"Entrada similar","link":""},"img":{"alt_text":"","src":"https:\/\/i0.wp.com\/www.soinga.net\/web\/wp-content\/uploads\/glop_home.jpg?resize=350%2C200&ssl=1","width":350,"height":200,"srcset":"https:\/\/i0.wp.com\/www.soinga.net\/web\/wp-content\/uploads\/glop_home.jpg?resize=350%2C200&ssl=1 1x, https:\/\/i0.wp.com\/www.soinga.net\/web\/wp-content\/uploads\/glop_home.jpg?resize=525%2C300&ssl=1 1.5x, https:\/\/i0.wp.com\/www.soinga.net\/web\/wp-content\/uploads\/glop_home.jpg?resize=700%2C400&ssl=1 2x"},"classes":[]},{"id":389,"url":"https:\/\/www.soinga.net\/web\/reparacion-ordenadores\/","url_meta":{"origin":7,"position":1},"title":"REPARACION ORDENADORES REPARAR ORDENADOR","author":"","date":false,"format":false,"excerpt":"Nuestro servicio de reparaci\u00f3n de ordenadores tiene como objetivo principal solucionar cualquier problema inform\u00e1tico que tenga su ordenador en el menor tiempo posible. Soinga\u00a0le ofrece un servicio global de calidad, profesional y transparente al mejor precio. Para ello contamos con t\u00e9cnicos inform\u00e1ticos y t\u00e9cnicos electr\u00f3nicos, con muchos a\u00f1os de experiencia,\u2026","rel":"","context":"Entrada similar","block_context":{"text":"Entrada similar","link":""},"img":{"alt_text":"reparacion ordenadores","src":"https:\/\/i0.wp.com\/localhost\/wp-content\/uploads\/images-1.jpg?resize=350%2C200","width":350,"height":200},"classes":[]},{"id":123,"url":"https:\/\/www.soinga.net\/web\/nosotros-2\/","url_meta":{"origin":7,"position":2},"title":"NOSOTROS","author":"","date":false,"format":false,"excerpt":"Soinga, nace con la ilusi\u00f3n de dar cobertura a todo lo referido a la inform\u00e1tica de su negocio. La experiencia de nuestros profesionales est\u00e1 avalada con casi dos d\u00e9cadas dedicadas al sector inform\u00e1tico, evolucionando con las nuevas tecnolog\u00edas: Internet y comunicaciones. Nosotros nos encargamos de todo lo relacionado con la\u2026","rel":"","context":"Entrada similar","block_context":{"text":"Entrada similar","link":""},"img":{"alt_text":"","src":"","width":0,"height":0},"classes":[]},{"id":771,"url":"https:\/\/www.soinga.net\/web\/glasof-2\/","url_meta":{"origin":7,"position":3},"title":"GLASOF","author":"","date":false,"format":false,"excerpt":"Descubra nuestros\u00a0programas para asesor\u00edas y despachos profesionales. Son programas\u00a0sin coste de adquisici\u00f3n\u00a0para el asesor. Una vez instalados dispone de un periodo gratis\u00a0para probarlos. Durante este periodo puede\u00a0solicitar una demostraci\u00f3n\u00a0de su funcionamiento y dispone de\u00a0cursos y v\u00eddeos gratis\u00a0del manejo de este software para asesor\u00edas. Una vez finalizado dicho periodo puede darse\u2026","rel":"","context":"Entrada similar","block_context":{"text":"Entrada similar","link":""},"img":{"alt_text":"","src":"https:\/\/i0.wp.com\/www.soinga.net\/web\/wp-content\/uploads\/GLASOF_SOINGA.png?resize=350%2C200&ssl=1","width":350,"height":200},"classes":[]},{"id":89,"url":"https:\/\/www.soinga.net\/web\/goldensoft-2\/","url_meta":{"origin":7,"position":4},"title":"SOFTWARE","author":"","date":false,"format":false,"excerpt":"Como Distribuidor Oficial de GoldenSoft\u00a0ofrecemos\u00a0software de Gesti\u00f3n, Facturaci\u00f3n, Contabilidad, Laboral, Aut\u00f3nomos, TPV, CRM, orientado y adaptado a asesor\u00edas, pymes, comercios (librer\u00edas, zapater\u00edas, tiendas de ropa, etc), ayud\u00e1ndole a mejorar la visi\u00f3n de su negocio, obteniendo as\u00ed la mejor rentabilidad y \u00a0productividad.\u00a0 Asimismo, somos distribuidores de software de Control de Presencia,\u2026","rel":"","context":"Entrada similar","block_context":{"text":"Entrada similar","link":""},"img":{"alt_text":"","src":"","width":0,"height":0},"classes":[]},{"id":1474,"url":"https:\/\/www.soinga.net\/web\/politica-de-privacidad\/","url_meta":{"origin":7,"position":5},"title":"Pol\u00edtica de privacidad","author":"","date":false,"format":false,"excerpt":"Qui\u00e9nes somos La direcci\u00f3n de nuestra web es www.soinga.net Comentarios Cuando los visitantes dejan comentarios en la web, recopilamos los datos que se muestran en el formulario de comentarios, as\u00ed como la direcci\u00f3n IP del visitante y la cadena de agentes de usuario del navegador para ayudar a la detecci\u00f3n\u2026","rel":"","context":"Entrada similar","block_context":{"text":"Entrada similar","link":""},"img":{"alt_text":"","src":"","width":0,"height":0},"classes":[]}],"jetpack_likes_enabled":false,"_links":{"self":[{"href":"https:\/\/www.soinga.net\/web\/wp-json\/wp\/v2\/pages\/7","targetHints":{"allow":["GET"]}}],"collection":[{"href":"https:\/\/www.soinga.net\/web\/wp-json\/wp\/v2\/pages"}],"about":[{"href":"https:\/\/www.soinga.net\/web\/wp-json\/wp\/v2\/types\/page"}],"author":[{"embeddable":true,"href":"https:\/\/www.soinga.net\/web\/wp-json\/wp\/v2\/users\/1"}],"replies":[{"embeddable":true,"href":"https:\/\/www.soinga.net\/web\/wp-json\/wp\/v2\/comments?post=7"}],"version-history":[{"count":1,"href":"https:\/\/www.soinga.net\/web\/wp-json\/wp\/v2\/pages\/7\/revisions"}],"predecessor-version":[{"id":1430,"href":"https:\/\/www.soinga.net\/web\/wp-json\/wp\/v2\/pages\/7\/revisions\/1430"}],"wp:attachment":[{"href":"https:\/\/www.soinga.net\/web\/wp-json\/wp\/v2\/media?parent=7"}],"curies":[{"name":"wp","href":"https:\/\/api.w.org\/{rel}","templated":true}]}}