{"id":771,"date":"2020-11-03T20:10:22","date_gmt":"2020-11-03T18:10:22","guid":{"rendered":"http:\/\/localhost:10004\/?page_id=771"},"modified":"2026-03-05T18:14:24","modified_gmt":"2026-03-05T17:14:24","slug":"glasof-2","status":"publish","type":"page","link":"https:\/\/www.soinga.net\/web\/glasof-2\/","title":{"rendered":"GLASOF"},"content":{"rendered":"\n<figure class=\"wp-block-image size-full is-resized\"><img data-recalc-dims=\"1\" loading=\"lazy\" decoding=\"async\" width=\"355\" height=\"142\" data-attachment-id=\"606\" data-permalink=\"https:\/\/www.soinga.net\/web\/tpv\/glasof_soinga\/\" data-orig-file=\"https:\/\/i0.wp.com\/www.soinga.net\/web\/wp-content\/uploads\/GLASOF_SOINGA.png?fit=355%2C142&amp;ssl=1\" data-orig-size=\"355,142\" data-comments-opened=\"0\" data-image-meta=\"{&quot;aperture&quot;:&quot;0&quot;,&quot;credit&quot;:&quot;&quot;,&quot;camera&quot;:&quot;&quot;,&quot;caption&quot;:&quot;&quot;,&quot;created_timestamp&quot;:&quot;0&quot;,&quot;copyright&quot;:&quot;&quot;,&quot;focal_length&quot;:&quot;0&quot;,&quot;iso&quot;:&quot;0&quot;,&quot;shutter_speed&quot;:&quot;0&quot;,&quot;title&quot;:&quot;&quot;,&quot;orientation&quot;:&quot;0&quot;}\" data-image-title=\"GLASOF_SOINGA\" data-image-description=\"\" data-image-caption=\"\" data-large-file=\"https:\/\/i0.wp.com\/www.soinga.net\/web\/wp-content\/uploads\/GLASOF_SOINGA.png?fit=355%2C142&amp;ssl=1\" src=\"https:\/\/i0.wp.com\/www.soinga.net\/web\/wp-content\/uploads\/GLASOF_SOINGA.png?resize=355%2C142&#038;ssl=1\" alt=\"\" class=\"wp-image-606\" style=\"aspect-ratio:2.5002751183008693;width:238px;height:auto\" srcset=\"https:\/\/i0.wp.com\/www.soinga.net\/web\/wp-content\/uploads\/GLASOF_SOINGA.png?w=355&amp;ssl=1 355w, https:\/\/i0.wp.com\/www.soinga.net\/web\/wp-content\/uploads\/GLASOF_SOINGA.png?resize=300%2C120&amp;ssl=1 300w\" sizes=\"auto, (max-width: 355px) 100vw, 355px\" \/><\/figure>\n\n\n\n<p>Descubra nuestros&nbsp;<strong>programas para asesor\u00edas y despachos profesionales<\/strong>. Son programas&nbsp;<strong>sin coste de adquisici\u00f3n<\/strong>&nbsp;para el asesor. Una vez instalados dispone de un periodo <strong>gratis<\/strong>&nbsp;para probarlos. Durante este periodo puede&nbsp;<strong>solicitar una demostraci\u00f3n<\/strong>&nbsp;de su funcionamiento y dispone de&nbsp;<strong>cursos y v\u00eddeos gratis<\/strong>&nbsp;del manejo de este software para asesor\u00edas. Una vez finalizado dicho periodo puede darse de alta mediante una cuota mensual que cubre las&nbsp;<strong>actualizaciones<\/strong>&nbsp;y el&nbsp;<strong>servicio de atenci\u00f3n al cliente<\/strong>. Pruebe nuestras aplicaciones para asesor\u00edas, estamos seguros que le agradar\u00e1 su&nbsp;<strong>sencillez y agilidad<\/strong>.<\/p>\n\n\n\n<p><strong>* Versiones limitadas para sus clientes<\/strong><br>Si desea que sus clientes utilicen una versi\u00f3n reducida de sus aplicaciones, disponemos de versiones limitadas que le facilitar\u00e1n la gesti\u00f3n compartida de sus datos.<\/p>\n\n\n\n<p>Disponemos de un servicio de traspaso de datos desde las aplicaciones m\u00e1s conocidas del mercado.&nbsp; No dude en consultarnos en: <a rel=\"noreferrer noopener\" href=\"mailto:info@soinga.net\" target=\"_blank\">info@soinga.net<\/a><\/p>\n","protected":false},"excerpt":{"rendered":"<p>Descubra nuestros&nbsp;programas para asesor\u00edas y despachos profesionales. Son programas&nbsp;sin coste de adquisici\u00f3n&nbsp;para el asesor. Una vez instalados dispone de un [&hellip;]<\/p>\n","protected":false},"author":1,"featured_media":0,"parent":0,"menu_order":0,"comment_status":"closed","ping_status":"closed","template":"","meta":{"site-sidebar-layout":"default","site-content-layout":"","ast-site-content-layout":"default","site-content-style":"default","site-sidebar-style":"default","ast-global-header-display":"","ast-banner-title-visibility":"","ast-main-header-display":"","ast-hfb-above-header-display":"","ast-hfb-below-header-display":"","ast-hfb-mobile-header-display":"","site-post-title":"disabled","ast-breadcrumbs-content":"","ast-featured-img":"","footer-sml-layout":"","ast-disable-related-posts":"","theme-transparent-header-meta":"","adv-header-id-meta":"","stick-header-meta":"","header-above-stick-meta":"","header-main-stick-meta":"","header-below-stick-meta":"","astra-migrate-meta-layouts":"default","ast-page-background-enabled":"default","ast-page-background-meta":{"desktop":{"background-color":"var(--ast-global-color-4)","background-image":"","background-repeat":"repeat","background-position":"center center","background-size":"auto","background-attachment":"scroll","background-type":"","background-media":"","overlay-type":"","overlay-color":"","overlay-opacity":"","overlay-gradient":""},"tablet":{"background-color":"","background-image":"","background-repeat":"repeat","background-position":"center center","background-size":"auto","background-attachment":"scroll","background-type":"","background-media":"","overlay-type":"","overlay-color":"","overlay-opacity":"","overlay-gradient":""},"mobile":{"background-color":"","background-image":"","background-repeat":"repeat","background-position":"center center","background-size":"auto","background-attachment":"scroll","background-type":"","background-media":"","overlay-type":"","overlay-color":"","overlay-opacity":"","overlay-gradient":""}},"ast-content-background-meta":{"desktop":{"background-color":"var(--ast-global-color-5)","background-image":"","background-repeat":"repeat","background-position":"center center","background-size":"auto","background-attachment":"scroll","background-type":"","background-media":"","overlay-type":"","overlay-color":"","overlay-opacity":"","overlay-gradient":""},"tablet":{"background-color":"var(--ast-global-color-5)","background-image":"","background-repeat":"repeat","background-position":"center center","background-size":"auto","background-attachment":"scroll","background-type":"","background-media":"","overlay-type":"","overlay-color":"","overlay-opacity":"","overlay-gradient":""},"mobile":{"background-color":"var(--ast-global-color-5)","background-image":"","background-repeat":"repeat","background-position":"center center","background-size":"auto","background-attachment":"scroll","background-type":"","background-media":"","overlay-type":"","overlay-color":"","overlay-opacity":"","overlay-gradient":""}},"footnotes":""},"class_list":["post-771","page","type-page","status-publish","hentry"],"yoast_head":"<!-- This site is optimized with the Yoast SEO plugin v27.3 - https:\/\/yoast.com\/product\/yoast-seo-wordpress\/ -->\n<title>GLASOF - SOINGA<\/title>\n<meta name=\"robots\" content=\"index, follow, max-snippet:-1, max-image-preview:large, max-video-preview:-1\" \/>\n<link rel=\"canonical\" href=\"https:\/\/www.soinga.net\/web\/glasof-2\/\" \/>\n<meta property=\"og:locale\" content=\"es_ES\" \/>\n<meta property=\"og:type\" content=\"article\" \/>\n<meta property=\"og:title\" content=\"GLASOF - SOINGA\" \/>\n<meta property=\"og:description\" content=\"Descubra nuestros&nbsp;programas para asesor\u00edas y despachos profesionales. Son programas&nbsp;sin coste de adquisici\u00f3n&nbsp;para el asesor. Una vez instalados dispone de un [&hellip;]\" \/>\n<meta property=\"og:url\" content=\"https:\/\/www.soinga.net\/web\/glasof-2\/\" \/>\n<meta property=\"og:site_name\" content=\"SOINGA\" \/>\n<meta property=\"article:publisher\" content=\"https:\/\/www.facebook.com\/SoingaSC-770654092982927\/\" \/>\n<meta property=\"article:modified_time\" content=\"2026-03-05T17:14:24+00:00\" \/>\n<meta property=\"og:image\" content=\"https:\/\/www.soinga.net\/web\/wp-content\/uploads\/GLASOF_SOINGA.png\" \/>\n<meta name=\"twitter:label1\" content=\"Tiempo de lectura\" \/>\n\t<meta name=\"twitter:data1\" content=\"1 minuto\" \/>\n<script type=\"application\/ld+json\" class=\"yoast-schema-graph\">{\"@context\":\"https:\\\/\\\/schema.org\",\"@graph\":[{\"@type\":\"WebPage\",\"@id\":\"https:\\\/\\\/www.soinga.net\\\/web\\\/glasof-2\\\/\",\"url\":\"https:\\\/\\\/www.soinga.net\\\/web\\\/glasof-2\\\/\",\"name\":\"GLASOF - SOINGA\",\"isPartOf\":{\"@id\":\"https:\\\/\\\/www.soinga.net\\\/web\\\/#website\"},\"primaryImageOfPage\":{\"@id\":\"https:\\\/\\\/www.soinga.net\\\/web\\\/glasof-2\\\/#primaryimage\"},\"image\":{\"@id\":\"https:\\\/\\\/www.soinga.net\\\/web\\\/glasof-2\\\/#primaryimage\"},\"thumbnailUrl\":\"https:\\\/\\\/www.soinga.net\\\/web\\\/wp-content\\\/uploads\\\/GLASOF_SOINGA.png\",\"datePublished\":\"2020-11-03T18:10:22+00:00\",\"dateModified\":\"2026-03-05T17:14:24+00:00\",\"breadcrumb\":{\"@id\":\"https:\\\/\\\/www.soinga.net\\\/web\\\/glasof-2\\\/#breadcrumb\"},\"inLanguage\":\"es\",\"potentialAction\":[{\"@type\":\"ReadAction\",\"target\":[\"https:\\\/\\\/www.soinga.net\\\/web\\\/glasof-2\\\/\"]}]},{\"@type\":\"ImageObject\",\"inLanguage\":\"es\",\"@id\":\"https:\\\/\\\/www.soinga.net\\\/web\\\/glasof-2\\\/#primaryimage\",\"url\":\"https:\\\/\\\/i0.wp.com\\\/www.soinga.net\\\/web\\\/wp-content\\\/uploads\\\/GLASOF_SOINGA.png?fit=355%2C142&ssl=1\",\"contentUrl\":\"https:\\\/\\\/i0.wp.com\\\/www.soinga.net\\\/web\\\/wp-content\\\/uploads\\\/GLASOF_SOINGA.png?fit=355%2C142&ssl=1\",\"width\":355,\"height\":142},{\"@type\":\"BreadcrumbList\",\"@id\":\"https:\\\/\\\/www.soinga.net\\\/web\\\/glasof-2\\\/#breadcrumb\",\"itemListElement\":[{\"@type\":\"ListItem\",\"position\":1,\"name\":\"Portada\",\"item\":\"https:\\\/\\\/www.soinga.net\\\/web\\\/\"},{\"@type\":\"ListItem\",\"position\":2,\"name\":\"GLASOF\"}]},{\"@type\":\"WebSite\",\"@id\":\"https:\\\/\\\/www.soinga.net\\\/web\\\/#website\",\"url\":\"https:\\\/\\\/www.soinga.net\\\/web\\\/\",\"name\":\"SOINGA\",\"description\":\"Soporte Inform\u00e1tico\",\"publisher\":{\"@id\":\"https:\\\/\\\/www.soinga.net\\\/web\\\/#organization\"},\"alternateName\":\"Soporte Inform\u00e1tico\",\"potentialAction\":[{\"@type\":\"SearchAction\",\"target\":{\"@type\":\"EntryPoint\",\"urlTemplate\":\"https:\\\/\\\/www.soinga.net\\\/web\\\/?s={search_term_string}\"},\"query-input\":{\"@type\":\"PropertyValueSpecification\",\"valueRequired\":true,\"valueName\":\"search_term_string\"}}],\"inLanguage\":\"es\"},{\"@type\":\"Organization\",\"@id\":\"https:\\\/\\\/www.soinga.net\\\/web\\\/#organization\",\"name\":\"SOINGA\",\"url\":\"https:\\\/\\\/www.soinga.net\\\/web\\\/\",\"logo\":{\"@type\":\"ImageObject\",\"inLanguage\":\"es\",\"@id\":\"https:\\\/\\\/www.soinga.net\\\/web\\\/#\\\/schema\\\/logo\\\/image\\\/\",\"url\":\"http:\\\/\\\/localhost:10004\\\/wp-content\\\/uploads\\\/logo.png\",\"contentUrl\":\"http:\\\/\\\/localhost:10004\\\/wp-content\\\/uploads\\\/logo.png\",\"width\":193,\"height\":125,\"caption\":\"SOINGA\"},\"image\":{\"@id\":\"https:\\\/\\\/www.soinga.net\\\/web\\\/#\\\/schema\\\/logo\\\/image\\\/\"},\"sameAs\":[\"https:\\\/\\\/www.facebook.com\\\/SoingaSC-770654092982927\\\/\",\"https:\\\/\\\/www.instagram.com\\\/soinga_sc\\\/\"]}]}<\/script>\n<!-- \/ Yoast SEO plugin. -->","yoast_head_json":{"title":"GLASOF - SOINGA","robots":{"index":"index","follow":"follow","max-snippet":"max-snippet:-1","max-image-preview":"max-image-preview:large","max-video-preview":"max-video-preview:-1"},"canonical":"https:\/\/www.soinga.net\/web\/glasof-2\/","og_locale":"es_ES","og_type":"article","og_title":"GLASOF - SOINGA","og_description":"Descubra nuestros&nbsp;programas para asesor\u00edas y despachos profesionales. Son programas&nbsp;sin coste de adquisici\u00f3n&nbsp;para el asesor. Una vez instalados dispone de un [&hellip;]","og_url":"https:\/\/www.soinga.net\/web\/glasof-2\/","og_site_name":"SOINGA","article_publisher":"https:\/\/www.facebook.com\/SoingaSC-770654092982927\/","article_modified_time":"2026-03-05T17:14:24+00:00","og_image":[{"url":"https:\/\/www.soinga.net\/web\/wp-content\/uploads\/GLASOF_SOINGA.png","type":"","width":"","height":""}],"twitter_misc":{"Tiempo de lectura":"1 minuto"},"schema":{"@context":"https:\/\/schema.org","@graph":[{"@type":"WebPage","@id":"https:\/\/www.soinga.net\/web\/glasof-2\/","url":"https:\/\/www.soinga.net\/web\/glasof-2\/","name":"GLASOF - SOINGA","isPartOf":{"@id":"https:\/\/www.soinga.net\/web\/#website"},"primaryImageOfPage":{"@id":"https:\/\/www.soinga.net\/web\/glasof-2\/#primaryimage"},"image":{"@id":"https:\/\/www.soinga.net\/web\/glasof-2\/#primaryimage"},"thumbnailUrl":"https:\/\/www.soinga.net\/web\/wp-content\/uploads\/GLASOF_SOINGA.png","datePublished":"2020-11-03T18:10:22+00:00","dateModified":"2026-03-05T17:14:24+00:00","breadcrumb":{"@id":"https:\/\/www.soinga.net\/web\/glasof-2\/#breadcrumb"},"inLanguage":"es","potentialAction":[{"@type":"ReadAction","target":["https:\/\/www.soinga.net\/web\/glasof-2\/"]}]},{"@type":"ImageObject","inLanguage":"es","@id":"https:\/\/www.soinga.net\/web\/glasof-2\/#primaryimage","url":"https:\/\/i0.wp.com\/www.soinga.net\/web\/wp-content\/uploads\/GLASOF_SOINGA.png?fit=355%2C142&ssl=1","contentUrl":"https:\/\/i0.wp.com\/www.soinga.net\/web\/wp-content\/uploads\/GLASOF_SOINGA.png?fit=355%2C142&ssl=1","width":355,"height":142},{"@type":"BreadcrumbList","@id":"https:\/\/www.soinga.net\/web\/glasof-2\/#breadcrumb","itemListElement":[{"@type":"ListItem","position":1,"name":"Portada","item":"https:\/\/www.soinga.net\/web\/"},{"@type":"ListItem","position":2,"name":"GLASOF"}]},{"@type":"WebSite","@id":"https:\/\/www.soinga.net\/web\/#website","url":"https:\/\/www.soinga.net\/web\/","name":"SOINGA","description":"Soporte Inform\u00e1tico","publisher":{"@id":"https:\/\/www.soinga.net\/web\/#organization"},"alternateName":"Soporte Inform\u00e1tico","potentialAction":[{"@type":"SearchAction","target":{"@type":"EntryPoint","urlTemplate":"https:\/\/www.soinga.net\/web\/?s={search_term_string}"},"query-input":{"@type":"PropertyValueSpecification","valueRequired":true,"valueName":"search_term_string"}}],"inLanguage":"es"},{"@type":"Organization","@id":"https:\/\/www.soinga.net\/web\/#organization","name":"SOINGA","url":"https:\/\/www.soinga.net\/web\/","logo":{"@type":"ImageObject","inLanguage":"es","@id":"https:\/\/www.soinga.net\/web\/#\/schema\/logo\/image\/","url":"http:\/\/localhost:10004\/wp-content\/uploads\/logo.png","contentUrl":"http:\/\/localhost:10004\/wp-content\/uploads\/logo.png","width":193,"height":125,"caption":"SOINGA"},"image":{"@id":"https:\/\/www.soinga.net\/web\/#\/schema\/logo\/image\/"},"sameAs":["https:\/\/www.facebook.com\/SoingaSC-770654092982927\/","https:\/\/www.instagram.com\/soinga_sc\/"]}]}},"jetpack_sharing_enabled":true,"jetpack_shortlink":"https:\/\/wp.me\/P6oxXO-cr","jetpack-related-posts":[{"id":131,"url":"https:\/\/www.soinga.net\/web\/","url_meta":{"origin":771,"position":0},"title":"SOINGA","author":"","date":false,"format":false,"excerpt":"\u00bfEn qu\u00e9 afecta a tu software de contabilidad o programa de gesti\u00f3n la aplicaci\u00f3n de la ley 11\/2021? \"Soluci\u00f3n integral en servicios inform\u00e1ticos a particulares y empresas.\" \"Analizamos sus necesidades, con el objetivo de encontrar una soluci\u00f3n integral adaptada totalmente a su empresa\" \"Disponemos de todo tipo de software, adaptado\u2026","rel":"","context":"Entrada similar","block_context":{"text":"Entrada similar","link":""},"img":{"alt_text":"","src":"https:\/\/i0.wp.com\/www.soinga.net\/web\/wp-content\/uploads\/glop_home.jpg?resize=350%2C200&ssl=1","width":350,"height":200,"srcset":"https:\/\/i0.wp.com\/www.soinga.net\/web\/wp-content\/uploads\/glop_home.jpg?resize=350%2C200&ssl=1 1x, https:\/\/i0.wp.com\/www.soinga.net\/web\/wp-content\/uploads\/glop_home.jpg?resize=525%2C300&ssl=1 1.5x, https:\/\/i0.wp.com\/www.soinga.net\/web\/wp-content\/uploads\/glop_home.jpg?resize=700%2C400&ssl=1 2x"},"classes":[]},{"id":89,"url":"https:\/\/www.soinga.net\/web\/goldensoft-2\/","url_meta":{"origin":771,"position":1},"title":"SOFTWARE","author":"","date":false,"format":false,"excerpt":"Como Distribuidor Oficial de GoldenSoft\u00a0ofrecemos\u00a0software de Gesti\u00f3n, Facturaci\u00f3n, Contabilidad, Laboral, Aut\u00f3nomos, TPV, CRM, orientado y adaptado a asesor\u00edas, pymes, comercios (librer\u00edas, zapater\u00edas, tiendas de ropa, etc), ayud\u00e1ndole a mejorar la visi\u00f3n de su negocio, obteniendo as\u00ed la mejor rentabilidad y \u00a0productividad.\u00a0 Asimismo, somos distribuidores de software de Control de Presencia,\u2026","rel":"","context":"Entrada similar","block_context":{"text":"Entrada similar","link":""},"img":{"alt_text":"","src":"","width":0,"height":0},"classes":[]},{"id":411,"url":"https:\/\/www.soinga.net\/web\/software-de-goldensoft\/","url_meta":{"origin":771,"position":2},"title":"GOLDENSOFT","author":"","date":false,"format":false,"excerpt":"ASESORIAS https:\/\/www.youtube.com\/watch?v=JR-7mReUN0o GESTI\u00d3N COMERCIAL https:\/\/www.youtube.com\/watch?v=NU1YQJ3Lwqc TPV https:\/\/www.youtube.com\/watch?v=C6vqFCuatu4 CRM https:\/\/www.youtube.com\/watch?v=7Cu2C_8oHkI CONTABILIDAD https:\/\/www.youtube.com\/watch?v=tRNsB9m4Z0c NOMINAS https:\/\/www.youtube.com\/watch?v=JwQwkN-uN_g AUTONOMOS https:\/\/www.youtube.com\/watch?v=-vjO2NMjkY8 FINCAS https:\/\/www.youtube.com\/watch?v=LoPqJQ4XCTY \u00a0","rel":"","context":"Entrada similar","block_context":{"text":"Entrada similar","link":""},"img":{"alt_text":"","src":"https:\/\/i0.wp.com\/www.soinga.net\/web\/wp-content\/uploads\/golden-soft-1.jpg?resize=350%2C200&ssl=1","width":350,"height":200},"classes":[]},{"id":1047,"url":"https:\/\/www.soinga.net\/web\/gestion-de-certificados\/","url_meta":{"origin":771,"position":3},"title":"GESTION DE CERTIFICADOS","author":"","date":false,"format":false,"excerpt":"Gesti\u00f3n \u00e1gil y c\u00f3moda de sus certificados digitales Este software nace de la necesidad de poder gestionar certificados digitales de manera eficiente e inmediata, facilitando la disponibilidad de los certificados entre todos los puestos de trabajo. Ahorra tiempo Localice el certificado que desea por nombre, entidad, NIF o DNI de\u2026","rel":"","context":"Entrada similar","block_context":{"text":"Entrada similar","link":""},"img":{"alt_text":"funciones del programa","src":"https:\/\/i0.wp.com\/bicert.es\/assets\/img\/caracteristica3.jpg?resize=350%2C200&ssl=1","width":350,"height":200},"classes":[]},{"id":389,"url":"https:\/\/www.soinga.net\/web\/reparacion-ordenadores\/","url_meta":{"origin":771,"position":4},"title":"REPARACION ORDENADORES REPARAR ORDENADOR","author":"","date":false,"format":false,"excerpt":"Nuestro servicio de reparaci\u00f3n de ordenadores tiene como objetivo principal solucionar cualquier problema inform\u00e1tico que tenga su ordenador en el menor tiempo posible. Soinga\u00a0le ofrece un servicio global de calidad, profesional y transparente al mejor precio. Para ello contamos con t\u00e9cnicos inform\u00e1ticos y t\u00e9cnicos electr\u00f3nicos, con muchos a\u00f1os de experiencia,\u2026","rel":"","context":"Entrada similar","block_context":{"text":"Entrada similar","link":""},"img":{"alt_text":"reparacion ordenadores","src":"https:\/\/i0.wp.com\/localhost\/wp-content\/uploads\/images-1.jpg?resize=350%2C200","width":350,"height":200},"classes":[]},{"id":7,"url":"https:\/\/www.soinga.net\/web\/inicio\/","url_meta":{"origin":771,"position":5},"title":"HARDWARE","author":"","date":false,"format":false,"excerpt":"Mantenimiento inform\u00e1tico El mantenimiento inform\u00e1tico es la actividad principal de Soinga, estando dedicada al servicio de asistencia t\u00e9cnica y soporte de componentes inform\u00e1ticos. Nuestro abanico de clientes abarca\u00a0desde particulares\u00a0hasta la gran empresa. El mantenimiento inform\u00e1tico no s\u00f3lo es la mejor forma de que los equipos de su empresa funcionen de\u2026","rel":"","context":"Entrada similar","block_context":{"text":"Entrada similar","link":""},"img":{"alt_text":"","src":"","width":0,"height":0},"classes":[]}],"jetpack_likes_enabled":false,"_links":{"self":[{"href":"https:\/\/www.soinga.net\/web\/wp-json\/wp\/v2\/pages\/771","targetHints":{"allow":["GET"]}}],"collection":[{"href":"https:\/\/www.soinga.net\/web\/wp-json\/wp\/v2\/pages"}],"about":[{"href":"https:\/\/www.soinga.net\/web\/wp-json\/wp\/v2\/types\/page"}],"author":[{"embeddable":true,"href":"https:\/\/www.soinga.net\/web\/wp-json\/wp\/v2\/users\/1"}],"replies":[{"embeddable":true,"href":"https:\/\/www.soinga.net\/web\/wp-json\/wp\/v2\/comments?post=771"}],"version-history":[{"count":3,"href":"https:\/\/www.soinga.net\/web\/wp-json\/wp\/v2\/pages\/771\/revisions"}],"predecessor-version":[{"id":1650,"href":"https:\/\/www.soinga.net\/web\/wp-json\/wp\/v2\/pages\/771\/revisions\/1650"}],"wp:attachment":[{"href":"https:\/\/www.soinga.net\/web\/wp-json\/wp\/v2\/media?parent=771"}],"curies":[{"name":"wp","href":"https:\/\/api.w.org\/{rel}","templated":true}]}}